{"id":1715,"date":"2022-04-07T12:08:28","date_gmt":"2022-04-07T16:08:28","guid":{"rendered":"https:\/\/groupeevie.com\/?page_id=1715"},"modified":"2025-10-14T11:53:30","modified_gmt":"2025-10-14T15:53:30","slug":"groupe-evie","status":"publish","type":"page","link":"https:\/\/groupeevie.com\/fr-fr\/","title":{"rendered":"Groupe \u00c9vie"},"content":{"rendered":"\n<section class=\"wp-block-group section-intro has-background content-block\" style=\"background-color:#fef7ef\"><div class=\"wp-block-group__inner-container is-layout-flow wp-block-group-is-layout-flow\">\n<div class=\"wp-block-columns is-layout-flex wp-container-core-columns-is-layout-9d6595d7 wp-block-columns-is-layout-flex\">\n<div class=\"wp-block-column is-layout-flow wp-block-column-is-layout-flow\">\n<h1 class=\"wp-block-heading\">Le Groupe \u00c9vie, engag\u00e9 dans la transformation de l&rsquo;offre  <strong>Pour une soci\u00e9t\u00e9 inclusive<\/strong><\/h1>\n\n\n\n<p>En soutenant <strong>concr\u00e8tement <\/strong>les professionnels et les gestionnaires des m\u00e9tiers de l\u2019humain dans l\u2019acquisition d\u2019une posture professionnelle qui <strong>valorise les capacit\u00e9s, l\u2019autod\u00e9termination et les leviers de l\u2019environnement <\/strong>des diff\u00e9rents publics de l\u2019action sociale. <\/p>\n\n\n\n<div class=\"wp-block-buttons is-layout-flex wp-block-buttons-is-layout-flex\">\n<div class=\"wp-block-button is-style-fill\"><a class=\"wp-block-button__link wp-element-button\" href=\"https:\/\/groupeevie.com\/fr-fr\/catalogue-de-formations\/\">D\u00e9couvrez notre offre de formation<\/a><\/div>\n<\/div>\n<\/div>\n\n\n\n<div class=\"wp-block-column scroll-effect reveal is-layout-flow wp-block-column-is-layout-flow\">\n<figure class=\"wp-block-image size-large\"><img decoding=\"async\" width=\"1024\" height=\"683\" src=\"https:\/\/groupeevie.com\/wp-content\/uploads\/2022\/11\/shutterstock_2009312513-1024x683.jpg\" alt=\"\" class=\"wp-image-2072\" srcset=\"https:\/\/groupeevie.com\/wp-content\/uploads\/2022\/11\/shutterstock_2009312513-1024x683.jpg 1024w, https:\/\/groupeevie.com\/wp-content\/uploads\/2022\/11\/shutterstock_2009312513-scaled-600x400.jpg 600w, https:\/\/groupeevie.com\/wp-content\/uploads\/2022\/11\/shutterstock_2009312513-300x200.jpg 300w, https:\/\/groupeevie.com\/wp-content\/uploads\/2022\/11\/shutterstock_2009312513-768x512.jpg 768w, https:\/\/groupeevie.com\/wp-content\/uploads\/2022\/11\/shutterstock_2009312513-1536x1024.jpg 1536w, https:\/\/groupeevie.com\/wp-content\/uploads\/2022\/11\/shutterstock_2009312513-2048x1365.jpg 2048w, https:\/\/groupeevie.com\/wp-content\/uploads\/2022\/11\/shutterstock_2009312513-1568x1045.jpg 1568w\" sizes=\"(max-width: 1024px) 100vw, 1024px\" \/><\/figure>\n<\/div>\n<\/div>\n\n\n\n<div class=\"wp-block-buttons btns-clienteles is-layout-flex wp-block-buttons-is-layout-flex\">\n<div class=\"wp-block-button btn-clientele btn-clientele-institutions reveal\"><a class=\"wp-block-button__link wp-element-button\" href=\"https:\/\/groupeevie.com\/fr-fr\/parcours-de-formation\/formation-aapip\/\">Parcours de formation &#8211; Champ du Handicap <\/a><\/div>\n\n\n\n<div class=\"wp-block-button btn-clientele btn-clientele-entreprises reveal\"><a class=\"wp-block-button__link wp-element-button\" href=\"https:\/\/groupeevie.com\/fr-fr\/parcours-de-formation\/AAPIP-Grand-Age\/\">Parcours de formation &#8211; Secteur du Grand \u00c2ge<\/a><\/div>\n\n\n\n<div class=\"wp-block-button btn-clientele btn-clientele-developpement reveal\"><a class=\"wp-block-button__link wp-element-button\" href=\"https:\/\/groupeevie.com\/fr-fr\/catalogue-de-formations\/\">Catalogue de formation<\/a><\/div>\n\n\n\n<div class=\"wp-block-button btn-clientele btn-clientele-individuel reveal\"><a class=\"wp-block-button__link wp-element-button\" href=\"https:\/\/groupeevie.com\/fr-fr\/bien-etre-au-travail\/accompagnement\/\">Bien-\u00eatre au travail<\/a><\/div>\n<\/div>\n<\/div><\/section>\n\n\n\n<section class=\"wp-block-group section-equipe reveal content-block\"><div class=\"wp-block-group__inner-container is-layout-flow wp-block-group-is-layout-flow\">\n<p>Notre \u00e9quipe<\/p>\n\n\n\n<h2 class=\"wp-block-heading\">Une \u00e9quipe de formateurs engag\u00e9e <strong>pour vous accompagner<\/strong><\/h2>\n\n\n\n<p>Au Groupe \u00c9vie, notre \u00e9quipe de formateurs-experts accompagne les apprenants de la m\u00eame fa\u00e7on qu\u2019elle accompagne les personnes en situation de handicap, c\u2019est-\u00e0-dire avec sensibilit\u00e9 et cr\u00e9ativit\u00e9.<\/p>\n\n\n\n<p>Gr\u00e2ce \u00e0 ses habilet\u00e9s d\u2019animation et son adaptabilit\u00e9, notre \u00e9quipe cr\u00e9e des exp\u00e9riences d\u2019apprentissage humaines, utiles et significatives qui permettent aux apprenants d\u2019\u00eatre v\u00e9ritablement outill\u00e9s pour faire face aux d\u00e9fis r\u00e9els rencontr\u00e9s en milieu de travail. Ayant \u00e0 c\u0153ur la r\u00e9ussite des apprenants, l\u2019\u00e9quipe met \u00e0 disposition ses comp\u00e9tences p\u00e9dagogiques et sa cr\u00e9ativit\u00e9 afin d\u2019offrir des activit\u00e9s de formation accessibles et adapt\u00e9es \u00e0 leur r\u00e9alit\u00e9.<\/p>\n\n\n\n<div class=\"wp-block-buttons is-layout-flex wp-block-buttons-is-layout-flex\">\n<div class=\"wp-block-button\"><a class=\"wp-block-button__link wp-element-button\" href=\"https:\/\/groupeevie.com\/fr-fr\/groupe-evie\/notre-equipe\/\">D\u00e9couvrez notre \u00e9quipe<\/a><\/div>\n<\/div>\n<\/div><\/section>\n\n\n\n<section class=\"wp-block-group section-raison reveal scroll-effect has-background content-block\" style=\"background-color:#dfece6\"><div class=\"wp-block-group__inner-container is-layout-flow wp-block-group-is-layout-flow\">\n<p>\u00c0 propos du Groupe \u00c9vie <\/p>\n\n\n\n<h2 class=\"wp-block-heading\">Cultiver et pr\u00e9server la dignit\u00e9 ainsi que la vitalit\u00e9, un \u00eatre humain \u00e0 la fois<\/h2>\n\n\n\n<p>Acteur important depuis pr\u00e8s de 25 ans dans le domaine de la sant\u00e9 mentale au Qu\u00e9bec, le Groupe \u00c9vie se d\u00e9marque par son Approche d\u2019accompagnement de proximit\u00e9 \u00e9prouv\u00e9e issue d\u2019une profession de niveau master unique au Qu\u00e9bec, la psycho\u00e9ducation*.<\/p>\n\n\n\n<p>Par son intervention r\u00e9alis\u00e9e dans le milieu de vie, le Groupe \u00c9vie valorise les capacit\u00e9s de la personne, tient compte de son environnement et de ses proches, encourage l\u2019autod\u00e9termination et soutient concr\u00e8tement la mise en action.<\/p>\n\n\n\n<div class=\"wp-block-buttons is-layout-flex wp-block-buttons-is-layout-flex\">\n<div class=\"wp-block-button\"><a class=\"wp-block-button__link wp-element-button\" href=\"https:\/\/groupeevie.com\/fr-fr\/groupe-evie\/a-propos\/\">En savoir plus<\/a><\/div>\n<\/div>\n<\/div><\/section>\n\n\n\n<section class=\"wp-block-group section-equipe reveal content-block\"><div class=\"wp-block-group__inner-container is-layout-flow wp-block-group-is-layout-flow\">\n<p>L&rsquo;Approche d&rsquo;accompagnement du Groupe \u00c9vie<\/p>\n\n\n\n<h2 class=\"wp-block-heading\">Une approche d&rsquo;intervention <strong>port\u00e9e sur les capacit\u00e9s de la personne<\/strong><\/h2>\n\n\n\n<p>L\u2019Approche d\u2019accompagnement de proximit\u00e9 d\u2019inspiration psycho\u00e9ducative propose, comme<br>point de d\u00e9part \u00e0 toute relation d\u2019aide, de porter le regard surtout sur les capacit\u00e9s de la personne plut\u00f4t que sur ses incapacit\u00e9s. L&rsquo;Approche soutient que c\u2019est \u00e0 travers l\u2019action qu\u2019il est possible de favoriser l\u2019autod\u00e9termination.<\/p>\n\n\n\n<p>L\u2019Approche d\u2019accompagnement du Groupe \u00c9vie soutient que la cr\u00e9ation de sens, tant pour le professionnel qui intervient aupr\u00e8s de la personne  accompagn\u00e9e que la personne elle-m\u00eame, est la pierre angulaire de toute relation d\u2019accompagnement qui supporte le pouvoir d\u2019agir.<\/p>\n\n\n\n<div class=\"wp-block-buttons is-layout-flex wp-block-buttons-is-layout-flex\">\n<div class=\"wp-block-button\"><a class=\"wp-block-button__link wp-element-button\" href=\"https:\/\/groupeevie.com\/fr-fr\/lapproche-daccompagnement-du-groupe-evie\/\">D\u00e9couvrir l&rsquo;Approche<\/a><\/div>\n<\/div>\n<\/div><\/section>\n","protected":false},"excerpt":{"rendered":"<p>Le Groupe \u00c9vie, engag\u00e9 dans la transformation de l&rsquo;offre Pour une soci\u00e9t\u00e9 inclusive En soutenant concr\u00e8tement les professionnels et les gestionnaires des m\u00e9tiers de l\u2019humain dans l\u2019acquisition d\u2019une posture professionnelle [&hellip;]<\/p>\n","protected":false},"author":1,"featured_media":0,"parent":0,"menu_order":0,"comment_status":"closed","ping_status":"closed","template":"","meta":{"_acf_changed":false,"inline_featured_image":false,"advgb_blocks_editor_width":"","advgb_blocks_columns_visual_guide":"","_price":"","_stock":"","_tribe_ticket_header":"","_tribe_default_ticket_provider":"","_tribe_ticket_capacity":"0","_ticket_start_date":"","_ticket_end_date":"","_tribe_ticket_show_description":"","_tribe_ticket_show_not_going":false,"_tribe_ticket_use_global_stock":"","_tribe_ticket_global_stock_level":"","_global_stock_mode":"","_global_stock_cap":"","_tribe_rsvp_for_event":"","_tribe_ticket_going_count":"","_tribe_ticket_not_going_count":"","_tribe_tickets_list":"[]","_tribe_ticket_has_attendee_info_fields":false,"footnotes":"","_tec_slr_enabled":"","_tec_slr_layout":""},"class_list":["post-1715","page","type-page","status-publish","hentry"],"acf":[],"yoast_head":"<!-- This site is optimized with the Yoast SEO plugin v27.2 - https:\/\/yoast.com\/product\/yoast-seo-wordpress\/ -->\n<title>Groupe \u00c9vie |\u00a0Une solution durable \u00e0 la transformation de l&#039;offre<\/title>\n<meta name=\"description\" content=\"Le Groupe \u00c9vie, engag\u00e9 dans la transformation de l\u2019offre d\u2019accompagnement sanitaire et m\u00e9dico-social en France et dans l&#039;Europe francophone\" \/>\n<meta name=\"robots\" content=\"index, follow, max-snippet:-1, max-image-preview:large, max-video-preview:-1\" \/>\n<link rel=\"canonical\" href=\"https:\/\/groupeevie.com\/fr-fr\/\" \/>\n<meta property=\"og:locale\" content=\"fr_FR\" \/>\n<meta property=\"og:type\" content=\"article\" \/>\n<meta property=\"og:title\" content=\"Groupe \u00c9vie |\u00a0Une solution durable \u00e0 la transformation de l&#039;offre\" \/>\n<meta property=\"og:description\" content=\"Le Groupe \u00c9vie, engag\u00e9 dans la transformation de l\u2019offre d\u2019accompagnement sanitaire et m\u00e9dico-social en France et dans l&#039;Europe francophone\" \/>\n<meta property=\"og:url\" content=\"https:\/\/groupeevie.com\/fr-fr\/\" \/>\n<meta property=\"og:site_name\" content=\"Groupe \u00c9vie\" \/>\n<meta property=\"article:modified_time\" content=\"2025-10-14T15:53:30+00:00\" \/>\n<meta property=\"og:image\" content=\"https:\/\/groupeevie.com\/wp-content\/uploads\/2022\/05\/EVIE-logo_rvb-2-1024x442.png\" \/>\n<meta name=\"twitter:card\" content=\"summary_large_image\" \/>\n<meta name=\"twitter:image\" content=\"https:\/\/groupeevie.com\/wp-content\/uploads\/2022\/05\/EVIE-logo_rvb-2-1024x442.png\" \/>\n<meta name=\"twitter:label1\" content=\"Dur\u00e9e de lecture estim\u00e9e\" \/>\n\t<meta name=\"twitter:data1\" content=\"3 minutes\" \/>\n<script type=\"application\/ld+json\" class=\"yoast-schema-graph\">{\"@context\":\"https:\/\/schema.org\",\"@graph\":[{\"@type\":\"WebPage\",\"@id\":\"https:\/\/groupeevie.com\/fr-fr\/\",\"url\":\"https:\/\/groupeevie.com\/fr-fr\/\",\"name\":\"Groupe \u00c9vie |\u00a0Une solution durable \u00e0 la transformation de l'offre\",\"isPartOf\":{\"@id\":\"https:\/\/groupeevie.com\/fr-fr\/#website\"},\"primaryImageOfPage\":{\"@id\":\"https:\/\/groupeevie.com\/fr-fr\/#primaryimage\"},\"image\":{\"@id\":\"https:\/\/groupeevie.com\/fr-fr\/#primaryimage\"},\"thumbnailUrl\":\"https:\/\/groupeevie.com\/wp-content\/uploads\/2022\/11\/shutterstock_2009312513-1024x683.jpg\",\"datePublished\":\"2022-04-07T16:08:28+00:00\",\"dateModified\":\"2025-10-14T15:53:30+00:00\",\"description\":\"Le Groupe \u00c9vie, engag\u00e9 dans la transformation de l\u2019offre d\u2019accompagnement sanitaire et m\u00e9dico-social en France et dans l'Europe francophone\",\"inLanguage\":\"fr-FR\",\"potentialAction\":[{\"@type\":\"ReadAction\",\"target\":[\"https:\/\/groupeevie.com\/fr-fr\/\"]}]},{\"@type\":\"ImageObject\",\"inLanguage\":\"fr-FR\",\"@id\":\"https:\/\/groupeevie.com\/fr-fr\/#primaryimage\",\"url\":\"https:\/\/groupeevie.com\/wp-content\/uploads\/2022\/11\/shutterstock_2009312513-1024x683.jpg\",\"contentUrl\":\"https:\/\/groupeevie.com\/wp-content\/uploads\/2022\/11\/shutterstock_2009312513-1024x683.jpg\"},{\"@type\":\"WebSite\",\"@id\":\"https:\/\/groupeevie.com\/fr-fr\/#website\",\"url\":\"https:\/\/groupeevie.com\/fr-fr\/\",\"name\":\"Groupe \u00c9vie\",\"description\":\"Au coeur de la sant\u00e9 mentale\",\"publisher\":{\"@id\":\"https:\/\/groupeevie.com\/fr-fr\/#organization\"},\"potentialAction\":[{\"@type\":\"SearchAction\",\"target\":{\"@type\":\"EntryPoint\",\"urlTemplate\":\"https:\/\/groupeevie.com\/fr-fr\/?s={search_term_string}\"},\"query-input\":{\"@type\":\"PropertyValueSpecification\",\"valueRequired\":true,\"valueName\":\"search_term_string\"}}],\"inLanguage\":\"fr-FR\"},{\"@type\":\"Organization\",\"@id\":\"https:\/\/groupeevie.com\/fr-fr\/#organization\",\"name\":\"Groupe \u00c9vie\",\"url\":\"https:\/\/groupeevie.com\/fr-fr\/\",\"logo\":{\"@type\":\"ImageObject\",\"inLanguage\":\"fr-FR\",\"@id\":\"https:\/\/groupeevie.com\/fr-fr\/#\/schema\/logo\/image\/\",\"url\":\"https:\/\/groupeevie.com\/wp-content\/uploads\/2022\/05\/EVIE-logo_rvb-2.png\",\"contentUrl\":\"https:\/\/groupeevie.com\/wp-content\/uploads\/2022\/05\/EVIE-logo_rvb-2.png\",\"width\":1414,\"height\":611,\"caption\":\"Groupe \u00c9vie\"},\"image\":{\"@id\":\"https:\/\/groupeevie.com\/fr-fr\/#\/schema\/logo\/image\/\"}}]}<\/script>\n<!-- \/ Yoast SEO plugin. -->","yoast_head_json":{"title":"Groupe \u00c9vie |\u00a0Une solution durable \u00e0 la transformation de l'offre","description":"Le Groupe \u00c9vie, engag\u00e9 dans la transformation de l\u2019offre d\u2019accompagnement sanitaire et m\u00e9dico-social en France et dans l'Europe francophone","robots":{"index":"index","follow":"follow","max-snippet":"max-snippet:-1","max-image-preview":"max-image-preview:large","max-video-preview":"max-video-preview:-1"},"canonical":"https:\/\/groupeevie.com\/fr-fr\/","og_locale":"fr_FR","og_type":"article","og_title":"Groupe \u00c9vie |\u00a0Une solution durable \u00e0 la transformation de l'offre","og_description":"Le Groupe \u00c9vie, engag\u00e9 dans la transformation de l\u2019offre d\u2019accompagnement sanitaire et m\u00e9dico-social en France et dans l'Europe francophone","og_url":"https:\/\/groupeevie.com\/fr-fr\/","og_site_name":"Groupe \u00c9vie","article_modified_time":"2025-10-14T15:53:30+00:00","og_image":[{"url":"https:\/\/groupeevie.com\/wp-content\/uploads\/2022\/05\/EVIE-logo_rvb-2-1024x442.png","type":"","width":"","height":""}],"twitter_card":"summary_large_image","twitter_image":"https:\/\/groupeevie.com\/wp-content\/uploads\/2022\/05\/EVIE-logo_rvb-2-1024x442.png","twitter_misc":{"Dur\u00e9e de lecture estim\u00e9e":"3 minutes"},"schema":{"@context":"https:\/\/schema.org","@graph":[{"@type":"WebPage","@id":"https:\/\/groupeevie.com\/fr-fr\/","url":"https:\/\/groupeevie.com\/fr-fr\/","name":"Groupe \u00c9vie |\u00a0Une solution durable \u00e0 la transformation de l'offre","isPartOf":{"@id":"https:\/\/groupeevie.com\/fr-fr\/#website"},"primaryImageOfPage":{"@id":"https:\/\/groupeevie.com\/fr-fr\/#primaryimage"},"image":{"@id":"https:\/\/groupeevie.com\/fr-fr\/#primaryimage"},"thumbnailUrl":"https:\/\/groupeevie.com\/wp-content\/uploads\/2022\/11\/shutterstock_2009312513-1024x683.jpg","datePublished":"2022-04-07T16:08:28+00:00","dateModified":"2025-10-14T15:53:30+00:00","description":"Le Groupe \u00c9vie, engag\u00e9 dans la transformation de l\u2019offre d\u2019accompagnement sanitaire et m\u00e9dico-social en France et dans l'Europe francophone","inLanguage":"fr-FR","potentialAction":[{"@type":"ReadAction","target":["https:\/\/groupeevie.com\/fr-fr\/"]}]},{"@type":"ImageObject","inLanguage":"fr-FR","@id":"https:\/\/groupeevie.com\/fr-fr\/#primaryimage","url":"https:\/\/groupeevie.com\/wp-content\/uploads\/2022\/11\/shutterstock_2009312513-1024x683.jpg","contentUrl":"https:\/\/groupeevie.com\/wp-content\/uploads\/2022\/11\/shutterstock_2009312513-1024x683.jpg"},{"@type":"WebSite","@id":"https:\/\/groupeevie.com\/fr-fr\/#website","url":"https:\/\/groupeevie.com\/fr-fr\/","name":"Groupe \u00c9vie","description":"Au coeur de la sant\u00e9 mentale","publisher":{"@id":"https:\/\/groupeevie.com\/fr-fr\/#organization"},"potentialAction":[{"@type":"SearchAction","target":{"@type":"EntryPoint","urlTemplate":"https:\/\/groupeevie.com\/fr-fr\/?s={search_term_string}"},"query-input":{"@type":"PropertyValueSpecification","valueRequired":true,"valueName":"search_term_string"}}],"inLanguage":"fr-FR"},{"@type":"Organization","@id":"https:\/\/groupeevie.com\/fr-fr\/#organization","name":"Groupe \u00c9vie","url":"https:\/\/groupeevie.com\/fr-fr\/","logo":{"@type":"ImageObject","inLanguage":"fr-FR","@id":"https:\/\/groupeevie.com\/fr-fr\/#\/schema\/logo\/image\/","url":"https:\/\/groupeevie.com\/wp-content\/uploads\/2022\/05\/EVIE-logo_rvb-2.png","contentUrl":"https:\/\/groupeevie.com\/wp-content\/uploads\/2022\/05\/EVIE-logo_rvb-2.png","width":1414,"height":611,"caption":"Groupe \u00c9vie"},"image":{"@id":"https:\/\/groupeevie.com\/fr-fr\/#\/schema\/logo\/image\/"}}]}},"coauthors":[],"author_meta":{"author_link":"https:\/\/groupeevie.com\/fr-fr\/espace-evie\/author\/olabso\/","display_name":"olabso"},"relative_dates":{"created":"Publi\u00e9 4 ans il y a","modified":"Mis \u00e0 jour 7 mois il y a"},"absolute_dates":{"created":"Publi\u00e9 le 7 avril 2022","modified":"Mise \u00e0 jour le 14 octobre 2025"},"absolute_dates_time":{"created":"Publi\u00e9 le 7 avril 2022 12h08","modified":"Mise \u00e0 jour le 14 octobre 2025 11h53"},"featured_img_caption":"","featured_img":false,"series_order":"","ticketed":false,"_links":{"self":[{"href":"https:\/\/groupeevie.com\/fr-fr\/wp-json\/wp\/v2\/pages\/1715","targetHints":{"allow":["GET"]}}],"collection":[{"href":"https:\/\/groupeevie.com\/fr-fr\/wp-json\/wp\/v2\/pages"}],"about":[{"href":"https:\/\/groupeevie.com\/fr-fr\/wp-json\/wp\/v2\/types\/page"}],"author":[{"embeddable":true,"href":"https:\/\/groupeevie.com\/fr-fr\/wp-json\/wp\/v2\/users\/1"}],"replies":[{"embeddable":true,"href":"https:\/\/groupeevie.com\/fr-fr\/wp-json\/wp\/v2\/comments?post=1715"}],"version-history":[{"count":38,"href":"https:\/\/groupeevie.com\/fr-fr\/wp-json\/wp\/v2\/pages\/1715\/revisions"}],"predecessor-version":[{"id":6144,"href":"https:\/\/groupeevie.com\/fr-fr\/wp-json\/wp\/v2\/pages\/1715\/revisions\/6144"}],"wp:attachment":[{"href":"https:\/\/groupeevie.com\/fr-fr\/wp-json\/wp\/v2\/media?parent=1715"}],"curies":[{"name":"wp","href":"https:\/\/api.w.org\/{rel}","templated":true}]}}