{"id":1943,"date":"2022-04-08T11:31:14","date_gmt":"2022-04-08T15:31:14","guid":{"rendered":"https:\/\/groupeevie.com\/?page_id=1943"},"modified":"2023-08-15T10:25:04","modified_gmt":"2023-08-15T14:25:04","slug":"notre-equipe","status":"publish","type":"page","link":"https:\/\/groupeevie.com\/fr-fr\/groupe-evie\/notre-equipe\/","title":{"rendered":"Notre \u00e9quipe"},"content":{"rendered":"\n<div class=\"wp-block-group has-background content-block advgb-dyn-49a7efa6\" style=\"background-color:#fef7ef\"><div class=\"wp-block-group__inner-container is-layout-flow wp-block-group-is-layout-flow\">\n<h2 class=\"wp-block-heading\">La cocr\u00e9ation au coeur d&rsquo;une \u00e9quipe<\/h2>\n\n\n\n<p><strong>Chaque co\u00e9quipier partage le r\u00eave de contribuer et de faire une diff\u00e9rence positive dans la vie des gens.<\/strong><\/p>\n\n\n\n<p>Au Groupe \u00c9vie, chaque personne devient cocr\u00e9ateur au service de la raison d\u2019\u00eatre de l\u2019entreprise et ce, peu importe ses r\u00f4les et responsabilit\u00e9s. Nous sommes conscients et sensibles \u00e0 la confiance t\u00e9moign\u00e9e par chacun de nos clients.<\/p>\n\n\n\n<p>L\u2019excellence est l\u2019une des valeurs f\u00e9d\u00e9ratrices du Groupe \u00c9vie qui r\u00e9unit une \u00e9quipe de professionnels exp\u00e9riment\u00e9s et hautement qualifi\u00e9s pour r\u00e9pondre aux besoins complexes et vari\u00e9s de nos clients.<\/p>\n<\/div><\/div>\n","protected":false},"excerpt":{"rendered":"<p>La cocr\u00e9ation au coeur d&rsquo;une \u00e9quipe Chaque co\u00e9quipier partage le r\u00eave de contribuer et de faire une diff\u00e9rence positive dans la vie des gens. Au Groupe \u00c9vie, chaque personne devient [&hellip;]<\/p>\n","protected":false},"author":3,"featured_media":5246,"parent":1715,"menu_order":0,"comment_status":"closed","ping_status":"closed","template":"equipe.php","meta":{"_acf_changed":false,"inline_featured_image":false,"advgb_blocks_editor_width":"","advgb_blocks_columns_visual_guide":"","_price":"","_stock":"","_tribe_ticket_header":"","_tribe_default_ticket_provider":"","_tribe_ticket_capacity":"0","_ticket_start_date":"","_ticket_end_date":"","_tribe_ticket_show_description":"","_tribe_ticket_show_not_going":false,"_tribe_ticket_use_global_stock":"","_tribe_ticket_global_stock_level":"","_global_stock_mode":"","_global_stock_cap":"","_tribe_rsvp_for_event":"","_tribe_ticket_going_count":"","_tribe_ticket_not_going_count":"","_tribe_tickets_list":"[]","_tribe_ticket_has_attendee_info_fields":false,"footnotes":"","_tec_slr_enabled":"","_tec_slr_layout":""},"class_list":["post-1943","page","type-page","status-publish","has-post-thumbnail","hentry"],"acf":[],"yoast_head":"<!-- This site is optimized with the Yoast SEO plugin v27.2 - https:\/\/yoast.com\/product\/yoast-seo-wordpress\/ -->\n<title>Groupe \u00c9vie |\u00a0Une \u00e9quipe passionn\u00e9e o\u00f9 la cocr\u00e9ation prend tout son sens<\/title>\n<meta name=\"description\" content=\"Cocr\u00e9ation au Groupe \u00c9vie : contribuer \u00e0 la vie des gens. Excellence, confiance et \u00e9quipe unie pour r\u00e9pondre aux besoins divers de nos clients\" \/>\n<meta name=\"robots\" content=\"index, follow, max-snippet:-1, max-image-preview:large, max-video-preview:-1\" \/>\n<link rel=\"canonical\" href=\"https:\/\/groupeevie.com\/fr-fr\/groupe-evie\/notre-equipe\/\" \/>\n<meta property=\"og:locale\" content=\"fr_FR\" \/>\n<meta property=\"og:type\" content=\"article\" \/>\n<meta property=\"og:title\" content=\"Groupe \u00c9vie |\u00a0Une \u00e9quipe passionn\u00e9e o\u00f9 la cocr\u00e9ation prend tout son sens\" \/>\n<meta property=\"og:description\" content=\"Cocr\u00e9ation au Groupe \u00c9vie : contribuer \u00e0 la vie des gens. Excellence, confiance et \u00e9quipe unie pour r\u00e9pondre aux besoins divers de nos clients\" \/>\n<meta property=\"og:url\" content=\"https:\/\/groupeevie.com\/fr-fr\/groupe-evie\/notre-equipe\/\" \/>\n<meta property=\"og:site_name\" content=\"Groupe \u00c9vie\" \/>\n<meta property=\"article:modified_time\" content=\"2023-08-15T14:25:04+00:00\" \/>\n<meta name=\"twitter:card\" content=\"summary_large_image\" \/>\n<meta name=\"twitter:label1\" content=\"Dur\u00e9e de lecture estim\u00e9e\" \/>\n\t<meta name=\"twitter:data1\" content=\"1 minute\" \/>\n<script type=\"application\/ld+json\" class=\"yoast-schema-graph\">{\"@context\":\"https:\/\/schema.org\",\"@graph\":[{\"@type\":\"WebPage\",\"@id\":\"https:\/\/groupeevie.com\/fr-fr\/groupe-evie\/notre-equipe\/\",\"url\":\"https:\/\/groupeevie.com\/fr-fr\/groupe-evie\/notre-equipe\/\",\"name\":\"Groupe \u00c9vie |\u00a0Une \u00e9quipe passionn\u00e9e o\u00f9 la cocr\u00e9ation prend tout son sens\",\"isPartOf\":{\"@id\":\"https:\/\/groupeevie.com\/fr-fr\/#website\"},\"primaryImageOfPage\":{\"@id\":\"https:\/\/groupeevie.com\/fr-fr\/groupe-evie\/notre-equipe\/#primaryimage\"},\"image\":{\"@id\":\"https:\/\/groupeevie.com\/fr-fr\/groupe-evie\/notre-equipe\/#primaryimage\"},\"thumbnailUrl\":\"https:\/\/groupeevie.com\/wp-content\/uploads\/2024\/10\/Untitled-design-8.png\",\"datePublished\":\"2022-04-08T15:31:14+00:00\",\"dateModified\":\"2023-08-15T14:25:04+00:00\",\"description\":\"Cocr\u00e9ation au Groupe \u00c9vie : contribuer \u00e0 la vie des gens. Excellence, confiance et \u00e9quipe unie pour r\u00e9pondre aux besoins divers de nos clients\",\"breadcrumb\":{\"@id\":\"https:\/\/groupeevie.com\/fr-fr\/groupe-evie\/notre-equipe\/#breadcrumb\"},\"inLanguage\":\"fr-FR\",\"potentialAction\":[{\"@type\":\"ReadAction\",\"target\":[\"https:\/\/groupeevie.com\/fr-fr\/groupe-evie\/notre-equipe\/\"]}]},{\"@type\":\"ImageObject\",\"inLanguage\":\"fr-FR\",\"@id\":\"https:\/\/groupeevie.com\/fr-fr\/groupe-evie\/notre-equipe\/#primaryimage\",\"url\":\"https:\/\/groupeevie.com\/wp-content\/uploads\/2024\/10\/Untitled-design-8.png\",\"contentUrl\":\"https:\/\/groupeevie.com\/wp-content\/uploads\/2024\/10\/Untitled-design-8.png\",\"width\":1489,\"height\":551},{\"@type\":\"BreadcrumbList\",\"@id\":\"https:\/\/groupeevie.com\/fr-fr\/groupe-evie\/notre-equipe\/#breadcrumb\",\"itemListElement\":[{\"@type\":\"ListItem\",\"position\":1,\"name\":\"Groupe \u00c9vie\",\"item\":\"https:\/\/groupeevie.com\/fr-fr\/\"},{\"@type\":\"ListItem\",\"position\":2,\"name\":\"Notre \u00e9quipe\"}]},{\"@type\":\"WebSite\",\"@id\":\"https:\/\/groupeevie.com\/fr-fr\/#website\",\"url\":\"https:\/\/groupeevie.com\/fr-fr\/\",\"name\":\"Groupe \u00c9vie\",\"description\":\"Au coeur de la sant\u00e9 mentale\",\"publisher\":{\"@id\":\"https:\/\/groupeevie.com\/fr-fr\/#organization\"},\"potentialAction\":[{\"@type\":\"SearchAction\",\"target\":{\"@type\":\"EntryPoint\",\"urlTemplate\":\"https:\/\/groupeevie.com\/fr-fr\/?s={search_term_string}\"},\"query-input\":{\"@type\":\"PropertyValueSpecification\",\"valueRequired\":true,\"valueName\":\"search_term_string\"}}],\"inLanguage\":\"fr-FR\"},{\"@type\":\"Organization\",\"@id\":\"https:\/\/groupeevie.com\/fr-fr\/#organization\",\"name\":\"Groupe \u00c9vie\",\"url\":\"https:\/\/groupeevie.com\/fr-fr\/\",\"logo\":{\"@type\":\"ImageObject\",\"inLanguage\":\"fr-FR\",\"@id\":\"https:\/\/groupeevie.com\/fr-fr\/#\/schema\/logo\/image\/\",\"url\":\"https:\/\/groupeevie.com\/wp-content\/uploads\/2022\/05\/EVIE-logo_rvb-2.png\",\"contentUrl\":\"https:\/\/groupeevie.com\/wp-content\/uploads\/2022\/05\/EVIE-logo_rvb-2.png\",\"width\":1414,\"height\":611,\"caption\":\"Groupe \u00c9vie\"},\"image\":{\"@id\":\"https:\/\/groupeevie.com\/fr-fr\/#\/schema\/logo\/image\/\"}}]}<\/script>\n<!-- \/ Yoast SEO plugin. -->","yoast_head_json":{"title":"Groupe \u00c9vie |\u00a0Une \u00e9quipe passionn\u00e9e o\u00f9 la cocr\u00e9ation prend tout son sens","description":"Cocr\u00e9ation au Groupe \u00c9vie : contribuer \u00e0 la vie des gens. Excellence, confiance et \u00e9quipe unie pour r\u00e9pondre aux besoins divers de nos clients","robots":{"index":"index","follow":"follow","max-snippet":"max-snippet:-1","max-image-preview":"max-image-preview:large","max-video-preview":"max-video-preview:-1"},"canonical":"https:\/\/groupeevie.com\/fr-fr\/groupe-evie\/notre-equipe\/","og_locale":"fr_FR","og_type":"article","og_title":"Groupe \u00c9vie |\u00a0Une \u00e9quipe passionn\u00e9e o\u00f9 la cocr\u00e9ation prend tout son sens","og_description":"Cocr\u00e9ation au Groupe \u00c9vie : contribuer \u00e0 la vie des gens. Excellence, confiance et \u00e9quipe unie pour r\u00e9pondre aux besoins divers de nos clients","og_url":"https:\/\/groupeevie.com\/fr-fr\/groupe-evie\/notre-equipe\/","og_site_name":"Groupe \u00c9vie","article_modified_time":"2023-08-15T14:25:04+00:00","twitter_card":"summary_large_image","twitter_misc":{"Dur\u00e9e de lecture estim\u00e9e":"1 minute"},"schema":{"@context":"https:\/\/schema.org","@graph":[{"@type":"WebPage","@id":"https:\/\/groupeevie.com\/fr-fr\/groupe-evie\/notre-equipe\/","url":"https:\/\/groupeevie.com\/fr-fr\/groupe-evie\/notre-equipe\/","name":"Groupe \u00c9vie |\u00a0Une \u00e9quipe passionn\u00e9e o\u00f9 la cocr\u00e9ation prend tout son sens","isPartOf":{"@id":"https:\/\/groupeevie.com\/fr-fr\/#website"},"primaryImageOfPage":{"@id":"https:\/\/groupeevie.com\/fr-fr\/groupe-evie\/notre-equipe\/#primaryimage"},"image":{"@id":"https:\/\/groupeevie.com\/fr-fr\/groupe-evie\/notre-equipe\/#primaryimage"},"thumbnailUrl":"https:\/\/groupeevie.com\/wp-content\/uploads\/2024\/10\/Untitled-design-8.png","datePublished":"2022-04-08T15:31:14+00:00","dateModified":"2023-08-15T14:25:04+00:00","description":"Cocr\u00e9ation au Groupe \u00c9vie : contribuer \u00e0 la vie des gens. Excellence, confiance et \u00e9quipe unie pour r\u00e9pondre aux besoins divers de nos clients","breadcrumb":{"@id":"https:\/\/groupeevie.com\/fr-fr\/groupe-evie\/notre-equipe\/#breadcrumb"},"inLanguage":"fr-FR","potentialAction":[{"@type":"ReadAction","target":["https:\/\/groupeevie.com\/fr-fr\/groupe-evie\/notre-equipe\/"]}]},{"@type":"ImageObject","inLanguage":"fr-FR","@id":"https:\/\/groupeevie.com\/fr-fr\/groupe-evie\/notre-equipe\/#primaryimage","url":"https:\/\/groupeevie.com\/wp-content\/uploads\/2024\/10\/Untitled-design-8.png","contentUrl":"https:\/\/groupeevie.com\/wp-content\/uploads\/2024\/10\/Untitled-design-8.png","width":1489,"height":551},{"@type":"BreadcrumbList","@id":"https:\/\/groupeevie.com\/fr-fr\/groupe-evie\/notre-equipe\/#breadcrumb","itemListElement":[{"@type":"ListItem","position":1,"name":"Groupe \u00c9vie","item":"https:\/\/groupeevie.com\/fr-fr\/"},{"@type":"ListItem","position":2,"name":"Notre \u00e9quipe"}]},{"@type":"WebSite","@id":"https:\/\/groupeevie.com\/fr-fr\/#website","url":"https:\/\/groupeevie.com\/fr-fr\/","name":"Groupe \u00c9vie","description":"Au coeur de la sant\u00e9 mentale","publisher":{"@id":"https:\/\/groupeevie.com\/fr-fr\/#organization"},"potentialAction":[{"@type":"SearchAction","target":{"@type":"EntryPoint","urlTemplate":"https:\/\/groupeevie.com\/fr-fr\/?s={search_term_string}"},"query-input":{"@type":"PropertyValueSpecification","valueRequired":true,"valueName":"search_term_string"}}],"inLanguage":"fr-FR"},{"@type":"Organization","@id":"https:\/\/groupeevie.com\/fr-fr\/#organization","name":"Groupe \u00c9vie","url":"https:\/\/groupeevie.com\/fr-fr\/","logo":{"@type":"ImageObject","inLanguage":"fr-FR","@id":"https:\/\/groupeevie.com\/fr-fr\/#\/schema\/logo\/image\/","url":"https:\/\/groupeevie.com\/wp-content\/uploads\/2022\/05\/EVIE-logo_rvb-2.png","contentUrl":"https:\/\/groupeevie.com\/wp-content\/uploads\/2022\/05\/EVIE-logo_rvb-2.png","width":1414,"height":611,"caption":"Groupe \u00c9vie"},"image":{"@id":"https:\/\/groupeevie.com\/fr-fr\/#\/schema\/logo\/image\/"}}]}},"coauthors":[],"author_meta":{"author_link":"https:\/\/groupeevie.com\/fr-fr\/espace-evie\/author\/emiliecuffia\/","display_name":"EmilieCuffia"},"relative_dates":{"created":"Publi\u00e9 4 ans il y a","modified":"Mis \u00e0 jour 3 ans il y a"},"absolute_dates":{"created":"Publi\u00e9 le 8 avril 2022","modified":"Mise \u00e0 jour le 15 ao\u00fbt 2023"},"absolute_dates_time":{"created":"Publi\u00e9 le 8 avril 2022 11h31","modified":"Mise \u00e0 jour le 15 ao\u00fbt 2023 10h25"},"featured_img_caption":"","featured_img":"https:\/\/groupeevie.com\/wp-content\/uploads\/2024\/10\/Untitled-design-8.png","series_order":"","ticketed":false,"_links":{"self":[{"href":"https:\/\/groupeevie.com\/fr-fr\/wp-json\/wp\/v2\/pages\/1943","targetHints":{"allow":["GET"]}}],"collection":[{"href":"https:\/\/groupeevie.com\/fr-fr\/wp-json\/wp\/v2\/pages"}],"about":[{"href":"https:\/\/groupeevie.com\/fr-fr\/wp-json\/wp\/v2\/types\/page"}],"author":[{"embeddable":true,"href":"https:\/\/groupeevie.com\/fr-fr\/wp-json\/wp\/v2\/users\/3"}],"replies":[{"embeddable":true,"href":"https:\/\/groupeevie.com\/fr-fr\/wp-json\/wp\/v2\/comments?post=1943"}],"version-history":[{"count":2,"href":"https:\/\/groupeevie.com\/fr-fr\/wp-json\/wp\/v2\/pages\/1943\/revisions"}],"predecessor-version":[{"id":3270,"href":"https:\/\/groupeevie.com\/fr-fr\/wp-json\/wp\/v2\/pages\/1943\/revisions\/3270"}],"up":[{"embeddable":true,"href":"https:\/\/groupeevie.com\/fr-fr\/wp-json\/wp\/v2\/pages\/1715"}],"wp:featuredmedia":[{"embeddable":true,"href":"https:\/\/groupeevie.com\/fr-fr\/wp-json\/wp\/v2\/media\/5246"}],"wp:attachment":[{"href":"https:\/\/groupeevie.com\/fr-fr\/wp-json\/wp\/v2\/media?parent=1943"}],"curies":[{"name":"wp","href":"https:\/\/api.w.org\/{rel}","templated":true}]}}