{"id":4997,"date":"2024-10-08T08:19:45","date_gmt":"2024-10-08T12:19:45","guid":{"rendered":"https:\/\/groupeevie.com\/?page_id=4997"},"modified":"2024-10-09T09:32:18","modified_gmt":"2024-10-09T13:32:18","slug":"le-stress-en-milieu-de-travail-prendre-soin-de-soi-et-son-equipe","status":"publish","type":"page","link":"https:\/\/groupeevie.com\/fr-fr\/catalogue-de-formations\/le-stress-en-milieu-de-travail-prendre-soin-de-soi-et-son-equipe\/","title":{"rendered":"Le stress en milieu de travail : prendre soin de soi et son \u00e9quipe"},"content":{"rendered":"\n<div class=\"wp-block-group content-block\"><div class=\"wp-block-group__inner-container is-layout-constrained wp-block-group-is-layout-constrained\">\n<div class=\"wp-block-columns is-layout-flex wp-container-core-columns-is-layout-9d6595d7 wp-block-columns-is-layout-flex\">\n<div class=\"wp-block-column has-beige-light-background-color has-background box is-layout-flow wp-block-column-is-layout-flow\">\n<h4 class=\"wp-block-heading\"><strong>Public<\/strong><\/h4>\n\n\n\n<p>Gestionnaires et professionnels<\/p>\n<\/div>\n\n\n\n<div class=\"wp-block-column has-beige-background-color has-background box is-layout-flow wp-block-column-is-layout-flow\">\n<h4 class=\"wp-block-heading\"><strong>Mode<\/strong><\/h4>\n\n\n\n<p>Visioconf\u00e9rence<\/p>\n<\/div>\n\n\n\n<div class=\"wp-block-column has-beige-light-background-color has-background box is-layout-flow wp-block-column-is-layout-flow\">\n<h4 class=\"wp-block-heading\"><strong>Dur\u00e9e<\/strong><\/h4>\n\n\n\n<p>3 heures<\/p>\n<\/div>\n\n\n\n<div class=\"wp-block-column has-beige-background-color has-background box is-layout-flow wp-block-column-is-layout-flow\">\n<h4 class=\"wp-block-heading\"><strong>Co\u00fbt <\/strong><\/h4>\n\n\n\n<p>195 \u20ac \/ personne\u00a0<\/p>\n<\/div>\n<\/div>\n\n\n\n<p>Le stress en soi n\u2019est pas un probl\u00e8me car il s\u2019agit d\u2019une r\u00e9ponse normale de notre corps \u00e0 une situation qui demande une adaptation. C\u2019est l\u2019exc\u00e8s de stress ou une gestion probl\u00e9matique du stress qui peuvent s\u2019av\u00e9rer n\u00e9faste, \u00e0 la fois pour la sant\u00e9 physique et pour la sant\u00e9 psychologique. C\u2019est pourquoi il est important de mieux conna\u00eetre le stress, ainsi que nos r\u00e9actions \u00e0 celui-ci, pour mieux le g\u00e9rer.<\/p>\n\n\n\n<p>En apprivoisant le stress, vos salari\u00e9s pourront conserver un meilleur \u00e9quilibre psychologique et \u00eatre plus efficaces dans leur travail. Outre des connaissances et des outils favorisant la saine gestion du stress dans la vie personnelle et au travail, les participants \u00e0 cet atelier r\u00e9fl\u00e9chiront \u00e0 des strat\u00e9gies \u2013 individuelles et collectives \u2013 \u00e0 mettre en place afin de mieux traverser, en tant qu\u2019\u00e9quipe, les situations stressantes au travail.<\/p>\n\n\n\n<p>Le but de cet atelier est ainsi de d\u00e9velopper ses connaissances sur le stress au travail ainsi que sur les strat\u00e9gies pour prendre soin de soi et de son \u00e9quipe ou ses coll\u00e8gues de travail.<\/p>\n<\/div><\/div>\n\n\n\n<div class=\"wp-block-group has-beige-background-color has-background content-block\"><div class=\"wp-block-group__inner-container is-layout-constrained wp-block-group-is-layout-constrained\">\n<h3 class=\"wp-block-heading\">Les avantages de la formation<\/h3>\n\n\n\n<div class=\"wp-block-columns is-layout-flex wp-container-core-columns-is-layout-9d6595d7 wp-block-columns-is-layout-flex\">\n<div class=\"wp-block-column has-white-background-color has-background box is-layout-flow wp-block-column-is-layout-flow\">\n<h4 class=\"wp-block-heading\">Pour les gestionnaires<\/h4>\n\n\n\n<ul class=\"wp-block-list\">\n<li>Avoir des salari\u00e9s qui maintiennent un bon niveau de performance en situation de stress<\/li>\n\n\n\n<li>Pr\u00e9venir les situations d\u2019\u00e9puisement professionnel<\/li>\n\n\n\n<li>Ouvrir le dialogue par rapport au stress en entreprise<\/li>\n\n\n\n<li>Offrir des outils \u00e0 ses salari\u00e9s pour la saine gestion de leur stress<\/li>\n\n\n\n<li>Partager avec ses salari\u00e9s la responsabilit\u00e9 de la saine gestion\u2028du stress au sein des \u00e9quipes de travail<\/li>\n<\/ul>\n<\/div>\n\n\n\n<div class=\"wp-block-column has-white-background-color has-background box is-layout-flow wp-block-column-is-layout-flow\">\n<h4 class=\"wp-block-heading\">Pour les employ\u00e9s<\/h4>\n\n\n\n<ul class=\"wp-block-list\">\n<li>Mieux comprendre le stress et ses r\u00e9actions personnelles<\/li>\n\n\n\n<li>Faire un \u00e9tat de situation sur sa propre sant\u00e9 psychologique<\/li>\n\n\n\n<li>Se sentir plus en confiance lors de situations de stress au travail<\/li>\n\n\n\n<li>Briser l\u2019isolement et ouvrir la communication par rapport au stress au travail<\/li>\n<\/ul>\n<\/div>\n<\/div>\n<\/div><\/div>\n\n\n\n<div class=\"wp-block-group content-block\"><div class=\"wp-block-group__inner-container is-layout-constrained wp-block-group-is-layout-constrained\">\n<h3 class=\"wp-block-heading\">Les objectifs de la formation<\/h3>\n\n\n\n<ol class=\"wp-block-list\">\n<li>Augmenter ses connaissances sur le stress, ses m\u00e9canismes et ses fonctions<\/li>\n\n\n\n<li>\u00catre en mesure de d\u00e9tecter les signaux de stress \u2013 les siens et ceux de ses coll\u00e8gues<\/li>\n\n\n\n<li>Se familiariser avec les comp\u00e9tences li\u00e9es \u00e0 l\u2019accueil du stress en milieu de travail<\/li>\n\n\n\n<li>R\u00e9fl\u00e9chir \u00e0 la consolidation des liens dans l\u2019\u00e9quipe par une saine communication et des moyens cr\u00e9atifs<\/li>\n\n\n\n<li>Se sensibiliser aux enjeux de partage des responsabilit\u00e9s quant \u00e0 la sant\u00e9 psychologique au travail<\/li>\n<\/ol>\n<\/div><\/div>\n\n\n\n<div class=\"wp-block-group content-block advgb-dyn-ebb79cfe\"><div class=\"wp-block-group__inner-container is-layout-flow wp-block-group-is-layout-flow\">\n<h2 class=\"wp-block-heading\">Contenu de la formation<\/h2>\n\n\n\n<div class=\"wp-block-advgb-accordions advgb-accordions-b2a4653d-627f-4157-aba4-06a08852b8a1 advgb-accordion-wrapper\" data-collapsed=\"true\">\n<div class=\"wp-block-advgb-accordion-item advgb-accordion-item\" style=\"margin-bottom:15px\"><div class=\"advgb-accordion-header\" style=\"background-color:#FFD3A7;color:#1b2f2b;border-style:solid;border-width:2px\"><span class=\"advgb-accordion-header-icon\"><svg fill=\"#1b2f2b\" xmlns=\"http:\/\/www.w3.org\/2000\/svg\" width=\"24\" height=\"24\" viewBox=\"0 0 24 24\"><path fill=\"none\" d=\"M0,0h24v24H0V0z\"><\/path><path d=\"M12,2C6.48,2,2,6.48,2,12s4.48,10,10,10s10-4.48,10-10S17.52,2,12,2z M17,13h-4v4h-2v-4H7v-2h4V7h2v4h4V13z\"><\/path><\/svg><\/span><h4 class=\"advgb-accordion-header-title\" style=\"color:inherit\">Volet 1 &#8211; Le stress : Mieux le comprendre pour mieux le vivre (1h)<\/h4><\/div><div class=\"advgb-accordion-body\" style=\"border-style:solid !important;border-width:2px !important;border-color:undefined !important;border-top:none !important\">\n<p>Dans le premier volet, les notions de base pour comprendre le stress \u2013 ses caract\u00e9ristiques, ses m\u00e9canismes, ses fonctions \u2013 sont abord\u00e9es. Les participants sont \u00e9galement amen\u00e9s \u00e0 r\u00e9fl\u00e9chir, par des exercices et des histoires de cas, \u00e0 leurs propres r\u00e9actions et signaux de stress.<\/p>\n\n\n\n<div class=\"wp-block-buttons is-layout-flex wp-block-buttons-is-layout-flex\"><\/div>\n<\/div><\/div>\n\n\n\n<div class=\"wp-block-advgb-accordion-item advgb-accordion-item\" style=\"margin-bottom:15px\"><div class=\"advgb-accordion-header\" style=\"background-color:#FFD3A7;color:#1b2f2b;border-style:solid;border-width:2px\"><span class=\"advgb-accordion-header-icon\"><svg fill=\"#1b2f2b\" xmlns=\"http:\/\/www.w3.org\/2000\/svg\" width=\"24\" height=\"24\" viewBox=\"0 0 24 24\"><path fill=\"none\" d=\"M0,0h24v24H0V0z\"><\/path><path d=\"M12,2C6.48,2,2,6.48,2,12s4.48,10,10,10s10-4.48,10-10S17.52,2,12,2z M17,13h-4v4h-2v-4H7v-2h4V7h2v4h4V13z\"><\/path><\/svg><\/span><h4 class=\"advgb-accordion-header-title\" style=\"color:inherit\">Volet 2 &#8211; Les strat\u00e9gies pour prendre soin de soi (1h)<\/h4><\/div><div class=\"advgb-accordion-body\" style=\"border-style:solid !important;border-width:2px !important;border-color:undefined !important;border-top:none !important\">\n<p>Le deuxi\u00e8me volet porte un regard personnel sur le niveau de stress v\u00e9cu actuellement par les participants et propose des exercices afin d\u2019identifier, dans un second temps, des strat\u00e9gies au plan personnel \u00e0 mettre en place pour r\u00e9tablir l\u2019\u00e9quilibre psychologique. Parmi les strat\u00e9gies qui seront pr\u00e9sent\u00e9es et travaill\u00e9es, se trouvent des strat\u00e9gies d\u2019apaisement physique, de prise de recul face aux pens\u00e9es, d\u2019action dans les zones de contr\u00f4le, des r\u00e9flexions quant aux valeurs et au sens de la profession. Le concept de r\u00e9silience est aussi abord\u00e9 dans ce volet, de m\u00eame que des outils le favorisant.<\/p>\n\n\n\n<div class=\"wp-block-buttons is-layout-flex wp-block-buttons-is-layout-flex\"><\/div>\n<\/div><\/div>\n\n\n\n<div class=\"wp-block-advgb-accordion-item advgb-accordion-item\" style=\"margin-bottom:15px\"><div class=\"advgb-accordion-header\" style=\"background-color:#FFD3A7;color:#1b2f2b;border-style:solid;border-width:2px\"><span class=\"advgb-accordion-header-icon\"><svg fill=\"#1b2f2b\" xmlns=\"http:\/\/www.w3.org\/2000\/svg\" width=\"24\" height=\"24\" viewBox=\"0 0 24 24\"><path fill=\"none\" d=\"M0,0h24v24H0V0z\"><\/path><path d=\"M12,2C6.48,2,2,6.48,2,12s4.48,10,10,10s10-4.48,10-10S17.52,2,12,2z M17,13h-4v4h-2v-4H7v-2h4V7h2v4h4V13z\"><\/path><\/svg><\/span><h4 class=\"advgb-accordion-header-title\" style=\"color:inherit\">Volet 3 &#8211; Les strat\u00e9gies pour prendre soin de son \u00e9quipe de travail \/ de ses coll\u00e8gues (1h)<\/h4><\/div><div class=\"advgb-accordion-body\" style=\"border-style:solid !important;border-width:2px !important;border-color:undefined !important;border-top:none !important\">\n<p>Le troisi\u00e8me et dernier volet aborde la question de la collaboration avec ses coll\u00e8gues en contexte de stress. Notamment, la communication en contexte de stress ainsi que les bases des premiers soins psychologiques y sont pr\u00e9sent\u00e9es. Les participants seront aussi guid\u00e9s dans une r\u00e9flexion et une identification de moyens cr\u00e9atifs \u00e0 mettre en place afin de consolider les liens dans leur \u00e9quipe de travail.<\/p>\n\n\n\n<div class=\"wp-block-buttons is-layout-flex wp-block-buttons-is-layout-flex\"><\/div>\n<\/div><\/div>\n<\/div>\n<\/div><\/div>\n\n\n\n<div class=\"wp-block-group content-block\"><div class=\"wp-block-group__inner-container is-layout-constrained wp-block-group-is-layout-constrained\">\n<div class=\"wp-block-columns is-layout-flex wp-container-core-columns-is-layout-9d6595d7 wp-block-columns-is-layout-flex\">\n<div class=\"wp-block-column is-layout-flow wp-block-column-is-layout-flow\">\n<h3 class=\"wp-block-heading\">Pr\u00e9requis<\/h3>\n\n\n\n<ul class=\"wp-block-list\">\n<li>Aucun<\/li>\n<\/ul>\n<\/div>\n\n\n\n<div class=\"wp-block-column is-layout-flow wp-block-column-is-layout-flow\">\n<h3 class=\"wp-block-heading\">Modalit\u00e9s<\/h3>\n\n\n\n<ul class=\"wp-block-list\">\n<li>Formation en ligne asynchrone<\/li>\n\n\n\n<li>Dur\u00e9e : 3 heures<\/li>\n<\/ul>\n<\/div>\n<\/div>\n<\/div><\/div>\n\n\n\n<div id=\"formulaire\" class=\"wp-block-group has-beige-light-background-color has-background content-block\"><div class=\"wp-block-group__inner-container is-layout-constrained wp-block-group-is-layout-constrained\">\n<h2 class=\"wp-block-heading\"><strong>Des questions au sujet de cette formation?<\/strong><\/h2>\n\n\n\n<p>Pour de plus amples informations ou pour s&rsquo;inscrire, contactez notre \u00e9quipe d\u00e8s maintenant.<\/p>\n\n\n\n<p><\/p>\n<\/div><\/div>\n","protected":false},"excerpt":{"rendered":"<p>Public Gestionnaires et professionnels Mode Visioconf\u00e9rence Dur\u00e9e 3 heures Co\u00fbt 195 \u20ac \/ personne\u00a0 Le stress en soi n\u2019est pas un probl\u00e8me car il s\u2019agit d\u2019une r\u00e9ponse normale de notre [&hellip;]<\/p>\n","protected":false},"author":3,"featured_media":4998,"parent":5059,"menu_order":0,"comment_status":"closed","ping_status":"closed","template":"page-developpement.php","meta":{"_acf_changed":false,"inline_featured_image":false,"advgb_blocks_editor_width":"","advgb_blocks_columns_visual_guide":"","_price":"","_stock":"","_tribe_ticket_header":"","_tribe_default_ticket_provider":"","_tribe_ticket_capacity":"0","_ticket_start_date":"","_ticket_end_date":"","_tribe_ticket_show_description":"","_tribe_ticket_show_not_going":false,"_tribe_ticket_use_global_stock":"","_tribe_ticket_global_stock_level":"","_global_stock_mode":"","_global_stock_cap":"","_tribe_rsvp_for_event":"","_tribe_ticket_going_count":"","_tribe_ticket_not_going_count":"","_tribe_tickets_list":"[]","_tribe_ticket_has_attendee_info_fields":false,"footnotes":"","_tec_slr_enabled":"","_tec_slr_layout":""},"class_list":["post-4997","page","type-page","status-publish","has-post-thumbnail","hentry"],"acf":[],"yoast_head":"<!-- This site is optimized with the Yoast SEO plugin v27.2 - https:\/\/yoast.com\/product\/yoast-seo-wordpress\/ -->\n<title>Le stress en milieu de travail : prendre soin de soi et son \u00e9quipe - Groupe \u00c9vie<\/title>\n<meta name=\"robots\" content=\"index, follow, max-snippet:-1, max-image-preview:large, max-video-preview:-1\" \/>\n<link rel=\"canonical\" href=\"https:\/\/groupeevie.com\/fr-fr\/catalogue-de-formations\/le-stress-en-milieu-de-travail-prendre-soin-de-soi-et-son-equipe\/\" \/>\n<meta property=\"og:locale\" content=\"fr_FR\" \/>\n<meta property=\"og:type\" content=\"article\" \/>\n<meta property=\"og:title\" content=\"Le stress en milieu de travail : prendre soin de soi et son \u00e9quipe - Groupe \u00c9vie\" \/>\n<meta property=\"og:description\" content=\"Public Gestionnaires et professionnels Mode Visioconf\u00e9rence Dur\u00e9e 3 heures Co\u00fbt 195 \u20ac \/ personne\u00a0 Le stress en soi n\u2019est pas un probl\u00e8me car il s\u2019agit d\u2019une r\u00e9ponse normale de notre [&hellip;]\" \/>\n<meta property=\"og:url\" content=\"https:\/\/groupeevie.com\/fr-fr\/catalogue-de-formations\/le-stress-en-milieu-de-travail-prendre-soin-de-soi-et-son-equipe\/\" \/>\n<meta property=\"og:site_name\" content=\"Groupe \u00c9vie\" \/>\n<meta property=\"article:modified_time\" content=\"2024-10-09T13:32:18+00:00\" \/>\n<meta property=\"og:image\" content=\"https:\/\/groupeevie.com\/wp-content\/uploads\/2024\/10\/groupe.evie_training_around_a_table_men_and_women_40_years_old__d6903ba4-159c-47a9-b34f-686234d46be7-e1705920723777.png\" \/>\n\t<meta property=\"og:image:width\" content=\"1024\" \/>\n\t<meta property=\"og:image:height\" content=\"708\" \/>\n\t<meta property=\"og:image:type\" content=\"image\/png\" \/>\n<meta name=\"twitter:card\" content=\"summary_large_image\" \/>\n<meta name=\"twitter:label1\" content=\"Dur\u00e9e de lecture estim\u00e9e\" \/>\n\t<meta name=\"twitter:data1\" content=\"4 minutes\" \/>\n<script type=\"application\/ld+json\" class=\"yoast-schema-graph\">{\"@context\":\"https:\/\/schema.org\",\"@graph\":[{\"@type\":\"WebPage\",\"@id\":\"https:\/\/groupeevie.com\/fr-fr\/catalogue-de-formations\/le-stress-en-milieu-de-travail-prendre-soin-de-soi-et-son-equipe\/\",\"url\":\"https:\/\/groupeevie.com\/fr-fr\/catalogue-de-formations\/le-stress-en-milieu-de-travail-prendre-soin-de-soi-et-son-equipe\/\",\"name\":\"Le stress en milieu de travail : prendre soin de soi et son \u00e9quipe - Groupe \u00c9vie\",\"isPartOf\":{\"@id\":\"https:\/\/groupeevie.com\/fr-fr\/#website\"},\"primaryImageOfPage\":{\"@id\":\"https:\/\/groupeevie.com\/fr-fr\/catalogue-de-formations\/le-stress-en-milieu-de-travail-prendre-soin-de-soi-et-son-equipe\/#primaryimage\"},\"image\":{\"@id\":\"https:\/\/groupeevie.com\/fr-fr\/catalogue-de-formations\/le-stress-en-milieu-de-travail-prendre-soin-de-soi-et-son-equipe\/#primaryimage\"},\"thumbnailUrl\":\"https:\/\/groupeevie.com\/wp-content\/uploads\/2024\/10\/groupe.evie_training_around_a_table_men_and_women_40_years_old__d6903ba4-159c-47a9-b34f-686234d46be7-e1705920723777.png\",\"datePublished\":\"2024-10-08T12:19:45+00:00\",\"dateModified\":\"2024-10-09T13:32:18+00:00\",\"breadcrumb\":{\"@id\":\"https:\/\/groupeevie.com\/fr-fr\/catalogue-de-formations\/le-stress-en-milieu-de-travail-prendre-soin-de-soi-et-son-equipe\/#breadcrumb\"},\"inLanguage\":\"fr-FR\",\"potentialAction\":[{\"@type\":\"ReadAction\",\"target\":[\"https:\/\/groupeevie.com\/fr-fr\/catalogue-de-formations\/le-stress-en-milieu-de-travail-prendre-soin-de-soi-et-son-equipe\/\"]}]},{\"@type\":\"ImageObject\",\"inLanguage\":\"fr-FR\",\"@id\":\"https:\/\/groupeevie.com\/fr-fr\/catalogue-de-formations\/le-stress-en-milieu-de-travail-prendre-soin-de-soi-et-son-equipe\/#primaryimage\",\"url\":\"https:\/\/groupeevie.com\/wp-content\/uploads\/2024\/10\/groupe.evie_training_around_a_table_men_and_women_40_years_old__d6903ba4-159c-47a9-b34f-686234d46be7-e1705920723777.png\",\"contentUrl\":\"https:\/\/groupeevie.com\/wp-content\/uploads\/2024\/10\/groupe.evie_training_around_a_table_men_and_women_40_years_old__d6903ba4-159c-47a9-b34f-686234d46be7-e1705920723777.png\",\"width\":1024,\"height\":708},{\"@type\":\"BreadcrumbList\",\"@id\":\"https:\/\/groupeevie.com\/fr-fr\/catalogue-de-formations\/le-stress-en-milieu-de-travail-prendre-soin-de-soi-et-son-equipe\/#breadcrumb\",\"itemListElement\":[{\"@type\":\"ListItem\",\"position\":1,\"name\":\"Catalogue de formations\",\"item\":\"https:\/\/groupeevie.com\/fr-fr\/catalogue-de-formations\/\"},{\"@type\":\"ListItem\",\"position\":2,\"name\":\"Le stress en milieu de travail : prendre soin de soi et son \u00e9quipe\"}]},{\"@type\":\"WebSite\",\"@id\":\"https:\/\/groupeevie.com\/fr-fr\/#website\",\"url\":\"https:\/\/groupeevie.com\/fr-fr\/\",\"name\":\"Groupe \u00c9vie\",\"description\":\"Au coeur de la sant\u00e9 mentale\",\"publisher\":{\"@id\":\"https:\/\/groupeevie.com\/fr-fr\/#organization\"},\"potentialAction\":[{\"@type\":\"SearchAction\",\"target\":{\"@type\":\"EntryPoint\",\"urlTemplate\":\"https:\/\/groupeevie.com\/fr-fr\/?s={search_term_string}\"},\"query-input\":{\"@type\":\"PropertyValueSpecification\",\"valueRequired\":true,\"valueName\":\"search_term_string\"}}],\"inLanguage\":\"fr-FR\"},{\"@type\":\"Organization\",\"@id\":\"https:\/\/groupeevie.com\/fr-fr\/#organization\",\"name\":\"Groupe \u00c9vie\",\"url\":\"https:\/\/groupeevie.com\/fr-fr\/\",\"logo\":{\"@type\":\"ImageObject\",\"inLanguage\":\"fr-FR\",\"@id\":\"https:\/\/groupeevie.com\/fr-fr\/#\/schema\/logo\/image\/\",\"url\":\"https:\/\/groupeevie.com\/wp-content\/uploads\/2022\/05\/EVIE-logo_rvb-2.png\",\"contentUrl\":\"https:\/\/groupeevie.com\/wp-content\/uploads\/2022\/05\/EVIE-logo_rvb-2.png\",\"width\":1414,\"height\":611,\"caption\":\"Groupe \u00c9vie\"},\"image\":{\"@id\":\"https:\/\/groupeevie.com\/fr-fr\/#\/schema\/logo\/image\/\"}}]}<\/script>\n<!-- \/ Yoast SEO plugin. -->","yoast_head_json":{"title":"Le stress en milieu de travail : prendre soin de soi et son \u00e9quipe - Groupe \u00c9vie","robots":{"index":"index","follow":"follow","max-snippet":"max-snippet:-1","max-image-preview":"max-image-preview:large","max-video-preview":"max-video-preview:-1"},"canonical":"https:\/\/groupeevie.com\/fr-fr\/catalogue-de-formations\/le-stress-en-milieu-de-travail-prendre-soin-de-soi-et-son-equipe\/","og_locale":"fr_FR","og_type":"article","og_title":"Le stress en milieu de travail : prendre soin de soi et son \u00e9quipe - Groupe \u00c9vie","og_description":"Public Gestionnaires et professionnels Mode Visioconf\u00e9rence Dur\u00e9e 3 heures Co\u00fbt 195 \u20ac \/ personne\u00a0 Le stress en soi n\u2019est pas un probl\u00e8me car il s\u2019agit d\u2019une r\u00e9ponse normale de notre [&hellip;]","og_url":"https:\/\/groupeevie.com\/fr-fr\/catalogue-de-formations\/le-stress-en-milieu-de-travail-prendre-soin-de-soi-et-son-equipe\/","og_site_name":"Groupe \u00c9vie","article_modified_time":"2024-10-09T13:32:18+00:00","og_image":[{"width":1024,"height":708,"url":"https:\/\/groupeevie.com\/wp-content\/uploads\/2024\/10\/groupe.evie_training_around_a_table_men_and_women_40_years_old__d6903ba4-159c-47a9-b34f-686234d46be7-e1705920723777.png","type":"image\/png"}],"twitter_card":"summary_large_image","twitter_misc":{"Dur\u00e9e de lecture estim\u00e9e":"4 minutes"},"schema":{"@context":"https:\/\/schema.org","@graph":[{"@type":"WebPage","@id":"https:\/\/groupeevie.com\/fr-fr\/catalogue-de-formations\/le-stress-en-milieu-de-travail-prendre-soin-de-soi-et-son-equipe\/","url":"https:\/\/groupeevie.com\/fr-fr\/catalogue-de-formations\/le-stress-en-milieu-de-travail-prendre-soin-de-soi-et-son-equipe\/","name":"Le stress en milieu de travail : prendre soin de soi et son \u00e9quipe - Groupe \u00c9vie","isPartOf":{"@id":"https:\/\/groupeevie.com\/fr-fr\/#website"},"primaryImageOfPage":{"@id":"https:\/\/groupeevie.com\/fr-fr\/catalogue-de-formations\/le-stress-en-milieu-de-travail-prendre-soin-de-soi-et-son-equipe\/#primaryimage"},"image":{"@id":"https:\/\/groupeevie.com\/fr-fr\/catalogue-de-formations\/le-stress-en-milieu-de-travail-prendre-soin-de-soi-et-son-equipe\/#primaryimage"},"thumbnailUrl":"https:\/\/groupeevie.com\/wp-content\/uploads\/2024\/10\/groupe.evie_training_around_a_table_men_and_women_40_years_old__d6903ba4-159c-47a9-b34f-686234d46be7-e1705920723777.png","datePublished":"2024-10-08T12:19:45+00:00","dateModified":"2024-10-09T13:32:18+00:00","breadcrumb":{"@id":"https:\/\/groupeevie.com\/fr-fr\/catalogue-de-formations\/le-stress-en-milieu-de-travail-prendre-soin-de-soi-et-son-equipe\/#breadcrumb"},"inLanguage":"fr-FR","potentialAction":[{"@type":"ReadAction","target":["https:\/\/groupeevie.com\/fr-fr\/catalogue-de-formations\/le-stress-en-milieu-de-travail-prendre-soin-de-soi-et-son-equipe\/"]}]},{"@type":"ImageObject","inLanguage":"fr-FR","@id":"https:\/\/groupeevie.com\/fr-fr\/catalogue-de-formations\/le-stress-en-milieu-de-travail-prendre-soin-de-soi-et-son-equipe\/#primaryimage","url":"https:\/\/groupeevie.com\/wp-content\/uploads\/2024\/10\/groupe.evie_training_around_a_table_men_and_women_40_years_old__d6903ba4-159c-47a9-b34f-686234d46be7-e1705920723777.png","contentUrl":"https:\/\/groupeevie.com\/wp-content\/uploads\/2024\/10\/groupe.evie_training_around_a_table_men_and_women_40_years_old__d6903ba4-159c-47a9-b34f-686234d46be7-e1705920723777.png","width":1024,"height":708},{"@type":"BreadcrumbList","@id":"https:\/\/groupeevie.com\/fr-fr\/catalogue-de-formations\/le-stress-en-milieu-de-travail-prendre-soin-de-soi-et-son-equipe\/#breadcrumb","itemListElement":[{"@type":"ListItem","position":1,"name":"Catalogue de formations","item":"https:\/\/groupeevie.com\/fr-fr\/catalogue-de-formations\/"},{"@type":"ListItem","position":2,"name":"Le stress en milieu de travail : prendre soin de soi et son \u00e9quipe"}]},{"@type":"WebSite","@id":"https:\/\/groupeevie.com\/fr-fr\/#website","url":"https:\/\/groupeevie.com\/fr-fr\/","name":"Groupe \u00c9vie","description":"Au coeur de la sant\u00e9 mentale","publisher":{"@id":"https:\/\/groupeevie.com\/fr-fr\/#organization"},"potentialAction":[{"@type":"SearchAction","target":{"@type":"EntryPoint","urlTemplate":"https:\/\/groupeevie.com\/fr-fr\/?s={search_term_string}"},"query-input":{"@type":"PropertyValueSpecification","valueRequired":true,"valueName":"search_term_string"}}],"inLanguage":"fr-FR"},{"@type":"Organization","@id":"https:\/\/groupeevie.com\/fr-fr\/#organization","name":"Groupe \u00c9vie","url":"https:\/\/groupeevie.com\/fr-fr\/","logo":{"@type":"ImageObject","inLanguage":"fr-FR","@id":"https:\/\/groupeevie.com\/fr-fr\/#\/schema\/logo\/image\/","url":"https:\/\/groupeevie.com\/wp-content\/uploads\/2022\/05\/EVIE-logo_rvb-2.png","contentUrl":"https:\/\/groupeevie.com\/wp-content\/uploads\/2022\/05\/EVIE-logo_rvb-2.png","width":1414,"height":611,"caption":"Groupe \u00c9vie"},"image":{"@id":"https:\/\/groupeevie.com\/fr-fr\/#\/schema\/logo\/image\/"}}]}},"coauthors":[],"author_meta":{"author_link":"https:\/\/groupeevie.com\/fr-fr\/espace-evie\/author\/emiliecuffia\/","display_name":"EmilieCuffia"},"relative_dates":{"created":"Publi\u00e9 2 ans il y a","modified":"Mis \u00e0 jour 2 ans il y a"},"absolute_dates":{"created":"Publi\u00e9 le 8 octobre 2024","modified":"Mise \u00e0 jour le 9 octobre 2024"},"absolute_dates_time":{"created":"Publi\u00e9 le 8 octobre 2024 8h19","modified":"Mise \u00e0 jour le 9 octobre 2024 9h32"},"featured_img_caption":"","featured_img":"https:\/\/groupeevie.com\/wp-content\/uploads\/2024\/10\/groupe.evie_training_around_a_table_men_and_women_40_years_old__d6903ba4-159c-47a9-b34f-686234d46be7-e1705920723777.png","series_order":"","ticketed":false,"_links":{"self":[{"href":"https:\/\/groupeevie.com\/fr-fr\/wp-json\/wp\/v2\/pages\/4997","targetHints":{"allow":["GET"]}}],"collection":[{"href":"https:\/\/groupeevie.com\/fr-fr\/wp-json\/wp\/v2\/pages"}],"about":[{"href":"https:\/\/groupeevie.com\/fr-fr\/wp-json\/wp\/v2\/types\/page"}],"author":[{"embeddable":true,"href":"https:\/\/groupeevie.com\/fr-fr\/wp-json\/wp\/v2\/users\/3"}],"replies":[{"embeddable":true,"href":"https:\/\/groupeevie.com\/fr-fr\/wp-json\/wp\/v2\/comments?post=4997"}],"version-history":[{"count":9,"href":"https:\/\/groupeevie.com\/fr-fr\/wp-json\/wp\/v2\/pages\/4997\/revisions"}],"predecessor-version":[{"id":5074,"href":"https:\/\/groupeevie.com\/fr-fr\/wp-json\/wp\/v2\/pages\/4997\/revisions\/5074"}],"up":[{"embeddable":true,"href":"https:\/\/groupeevie.com\/fr-fr\/wp-json\/wp\/v2\/pages\/5059"}],"wp:featuredmedia":[{"embeddable":true,"href":"https:\/\/groupeevie.com\/fr-fr\/wp-json\/wp\/v2\/media\/4998"}],"wp:attachment":[{"href":"https:\/\/groupeevie.com\/fr-fr\/wp-json\/wp\/v2\/media?parent=4997"}],"curies":[{"name":"wp","href":"https:\/\/api.w.org\/{rel}","templated":true}]}}