{"id":5028,"date":"2024-10-08T09:51:04","date_gmt":"2024-10-08T13:51:04","guid":{"rendered":"https:\/\/groupeevie.com\/?page_id=5028"},"modified":"2024-10-09T11:20:28","modified_gmt":"2024-10-09T15:20:28","slug":"entretien-motivationnel","status":"publish","type":"page","link":"https:\/\/groupeevie.com\/fr-fr\/catalogue-de-formations\/entretien-motivationnel\/","title":{"rendered":"Introduction \u00e0 l&rsquo;entretien motivationnel &#8211; Module 1"},"content":{"rendered":"\n<div class=\"wp-block-group content-block\"><div class=\"wp-block-group__inner-container is-layout-constrained wp-block-group-is-layout-constrained\">\n<div class=\"wp-block-columns is-layout-flex wp-container-core-columns-is-layout-9d6595d7 wp-block-columns-is-layout-flex\">\n<div class=\"wp-block-column has-beige-light-background-color has-background box is-layout-flow wp-block-column-is-layout-flow\">\n<h4 class=\"wp-block-heading\">Public<\/h4>\n\n\n\n<p>Pour tous<\/p>\n<\/div>\n\n\n\n<div class=\"wp-block-column has-beige-background-color has-background box is-layout-flow wp-block-column-is-layout-flow\">\n<h4 class=\"wp-block-heading\">Mode<\/h4>\n\n\n\n<p>En ligne, asynchrone<\/p>\n<\/div>\n\n\n\n<div class=\"wp-block-column has-beige-light-background-color has-background box is-layout-flow wp-block-column-is-layout-flow\">\n<h4 class=\"wp-block-heading\">Dur\u00e9e<\/h4>\n\n\n\n<p>6 heures (acc\u00e8s illimit\u00e9)<\/p>\n<\/div>\n\n\n\n<div class=\"wp-block-column has-beige-background-color has-background box is-layout-flow wp-block-column-is-layout-flow\">\n<h4 class=\"wp-block-heading\">Co\u00fbt<\/h4>\n\n\n\n<p>195 \u20ac \/ participant<\/p>\n<\/div>\n<\/div>\n\n\n\n<h2 class=\"wp-block-heading\">L\u2019engagement dans la relation et vers le changement<\/h2>\n\n\n\n<p>Cette formation ASYNCHRONE a pour but d\u2019introduire le r\u00e9f\u00e9rentiel th\u00e9orique de l\u2019entretien motivationnel, de sensibiliser les professionnels \u00e0 la posture \u00e0 adopter pour mieux accompagner des personnes vers le changement et d\u2019acqu\u00e9rir des comp\u00e9tences fondamentales ainsi que des strat\u00e9gies d\u2019entrevue permettant d\u2019exp\u00e9rimenter le style relationnel qu\u2019implique l\u2019entretien motivationnel. La formation offerte se veut une pr\u00e9paration th\u00e9orique et pratique suffisamment compl\u00e8te pour donner l\u2019envie et les comp\u00e9tences pour une application imm\u00e9diate dans le champ professionnel.<\/p>\n\n\n\n<p>Cette formation permet \u00e9galement d\u2019acc\u00e9der aux modules 2 et 3 de la formation, offerts en format synchrone \u00e0 distance ou en pr\u00e9sentiel, permettant aux professionnels de parfaire leurs comp\u00e9tences par la mise en pratique et gr\u00e2ce \u00e0 la supervision d\u2019un formateur expert en entretien motivationnel.<\/p>\n<\/div><\/div>\n\n\n\n<div class=\"wp-block-group has-white-background-color has-background content-block\"><div class=\"wp-block-group__inner-container is-layout-constrained wp-block-group-is-layout-constrained\">\n<h3 class=\"wp-block-heading\">Objectifs sp\u00e9cifiques<\/h3>\n\n\n\n<div class=\"wp-block-columns is-layout-flex wp-container-core-columns-is-layout-9d6595d7 wp-block-columns-is-layout-flex\">\n<div class=\"wp-block-column has-beige-light-background-color has-background box is-layout-flow wp-block-column-is-layout-flow\">\n<h4 class=\"wp-block-heading\">Savoir<\/h4>\n\n\n\n<ul class=\"wp-block-list\">\n<li>D\u00e9finir l\u2019entretien motivationnel, ses influences et ses champs d\u2019application;<\/li>\n\n\n\n<li>Diff\u00e9rencier les 3 styles de communication;<\/li>\n\n\n\n<li>D\u00e9finir le concept d\u2019empathie;<\/li>\n\n\n\n<li>D\u00e9finir la dissonance relationnelle, la r\u00e9actance et l\u2019ambivalence;<\/li>\n\n\n\n<li>Expliquer l\u2019importance du discours-changement.<\/li>\n<\/ul>\n<\/div>\n<\/div>\n\n\n\n<div class=\"wp-block-columns is-layout-flex wp-container-core-columns-is-layout-9d6595d7 wp-block-columns-is-layout-flex\">\n<div class=\"wp-block-column has-beige-background-color has-background box is-layout-flow wp-block-column-is-layout-flow\">\n<h4 class=\"wp-block-heading\">Savoir-\u00eatre<\/h4>\n\n\n\n<ul class=\"wp-block-list\">\n<li>Prendre conscience de son propre style de communication avec les personnes accompagn\u00e9es et de son impact sur le changement;<\/li>\n\n\n\n<li>D\u00e9velopper les capacit\u00e9s d\u2019empathie et la qualit\u00e9 de pr\u00e9sence \u00e0 l\u2019autre;<\/li>\n\n\n\n<li>Savoir comment ajuster sa posture professionnelle selon l\u2019esprit de l\u2019entretien motivationnel.<\/li>\n<\/ul>\n<\/div>\n\n\n\n<div class=\"wp-block-column has-orange-light-background-color has-background box is-layout-flow wp-block-column-is-layout-flow\">\n<h4 class=\"wp-block-heading\">Savoir-faire<\/h4>\n\n\n\n<ul class=\"wp-block-list\">\n<li>Rep\u00e9rer le r\u00e9flexe correcteur, les impasses relationnelles et leurs effets;<\/li>\n\n\n\n<li>D\u00e9velopper des strat\u00e9gies d\u2019entrevue favorisant l\u2019engagement des personnes accompagn\u00e9es dans une d\u00e9marche de changement.<\/li>\n<\/ul>\n<\/div>\n<\/div>\n<\/div><\/div>\n\n\n\n<div class=\"wp-block-group content-block advgb-dyn-ebb79cfe\"><div class=\"wp-block-group__inner-container is-layout-flow wp-block-group-is-layout-flow\">\n<h2 class=\"wp-block-heading\">Contenu de la formation<\/h2>\n\n\n\n<div class=\"wp-block-advgb-accordions advgb-accordions-72e9dd5d-9b7c-4920-b0a1-7e21c8924bca advgb-accordion-wrapper\" data-collapsed=\"true\">\n<div class=\"wp-block-advgb-accordion-item advgb-accordion-item\" style=\"margin-bottom:15px\"><div class=\"advgb-accordion-header\" style=\"background-color:#FFD3A7;color:#1b2f2b;border-style:solid;border-width:2px\"><span class=\"advgb-accordion-header-icon\"><svg fill=\"#1b2f2b\" xmlns=\"http:\/\/www.w3.org\/2000\/svg\" width=\"24\" height=\"24\" viewBox=\"0 0 24 24\"><path fill=\"none\" d=\"M0,0h24v24H0V0z\"><\/path><path d=\"M12,2C6.48,2,2,6.48,2,12s4.48,10,10,10s10-4.48,10-10S17.52,2,12,2z M17,13h-4v4h-2v-4H7v-2h4V7h2v4h4V13z\"><\/path><\/svg><\/span><h4 class=\"advgb-accordion-header-title\" style=\"color:inherit\">Pr\u00e9ambule et introduction<\/h4><\/div><div class=\"advgb-accordion-body\" style=\"border-style:solid !important;border-width:2px !important;border-color:undefined !important;border-top:none !important\">\n<ul class=\"wp-block-list\">\n<li>Pr\u00e9sentation du formateur<\/li>\n\n\n\n<li>Mise en contexte de la formation<\/li>\n\n\n\n<li>Objectifs vis\u00e9s par la formation<\/li>\n\n\n\n<li>Historique et origines de l\u2019entretien motivationnel<\/li>\n\n\n\n<li>D\u00e9finition de l\u2019entretien motivation<\/li>\n\n\n\n<li>Objectifs vis\u00e9s par l\u2019approche<\/li>\n\n\n\n<li>Contextes d\u2019utilisation et client\u00e8les vis\u00e9es<\/li>\n\n\n\n<li>Quand utiliser ou ne pas utiliser l\u2019entretien motivationnel<\/li>\n\n\n\n<li>Introduction des 4 t\u00e2ches essentielles du professionnel dans l\u2019entretien motivationnel&nbsp;:<ul><li>Engagement dans la relation<\/li><\/ul><ul><li>Focalisation<\/li><\/ul><ul><li>\u00c9vocation<\/li><\/ul>\n<ul class=\"wp-block-list\">\n<li>Planification<\/li>\n<\/ul>\n<\/li>\n<\/ul>\n\n\n\n<div class=\"wp-block-buttons is-layout-flex wp-block-buttons-is-layout-flex\"><\/div>\n<\/div><\/div>\n\n\n\n<div class=\"wp-block-advgb-accordion-item advgb-accordion-item\" style=\"margin-bottom:15px\"><div class=\"advgb-accordion-header\" style=\"background-color:#FFD3A7;color:#1b2f2b;border-style:solid;border-width:2px\"><span class=\"advgb-accordion-header-icon\"><svg fill=\"#1b2f2b\" xmlns=\"http:\/\/www.w3.org\/2000\/svg\" width=\"24\" height=\"24\" viewBox=\"0 0 24 24\"><path fill=\"none\" d=\"M0,0h24v24H0V0z\"><\/path><path d=\"M12,2C6.48,2,2,6.48,2,12s4.48,10,10,10s10-4.48,10-10S17.52,2,12,2z M17,13h-4v4h-2v-4H7v-2h4V7h2v4h4V13z\"><\/path><\/svg><\/span><h4 class=\"advgb-accordion-header-title\" style=\"color:inherit\">Chapitre 1\u00a0: Le changement<\/h4><\/div><div class=\"advgb-accordion-body\" style=\"border-style:solid !important;border-width:2px !important;border-color:undefined !important;border-top:none !important\">\n<ul class=\"wp-block-list\">\n<li>Atelier sur le changement<\/li>\n\n\n\n<li>Introduction au concept de l\u2019ambivalence et ses enjeux sur le changement<\/li>\n\n\n\n<li>Les freins au changement<\/li>\n\n\n\n<li>Les impasses relationnelles<\/li>\n\n\n\n<li>Le r\u00e9flexe correcteur et la dissonance relationnelle<\/li>\n\n\n\n<li>Vid\u00e9o de d\u00e9monstration sur le r\u00e9flexe correcteur et la dissonance relationnelle<\/li>\n\n\n\n<li>Comment reconna\u00eetre la dissonance relationnelle et la r\u00e9actante<\/li>\n<\/ul>\n\n\n\n<div class=\"wp-block-buttons is-layout-flex wp-block-buttons-is-layout-flex\"><\/div>\n<\/div><\/div>\n\n\n\n<div class=\"wp-block-advgb-accordion-item advgb-accordion-item\" style=\"margin-bottom:15px\"><div class=\"advgb-accordion-header\" style=\"background-color:#FFD3A7;color:#1b2f2b;border-style:solid;border-width:2px\"><span class=\"advgb-accordion-header-icon\"><svg fill=\"#1b2f2b\" xmlns=\"http:\/\/www.w3.org\/2000\/svg\" width=\"24\" height=\"24\" viewBox=\"0 0 24 24\"><path fill=\"none\" d=\"M0,0h24v24H0V0z\"><\/path><path d=\"M12,2C6.48,2,2,6.48,2,12s4.48,10,10,10s10-4.48,10-10S17.52,2,12,2z M17,13h-4v4h-2v-4H7v-2h4V7h2v4h4V13z\"><\/path><\/svg><\/span><h4 class=\"advgb-accordion-header-title\" style=\"color:inherit\">Chapitre 2\u00a0: Le savoir-\u00eatre en entretien motivationnel<\/h4><\/div><div class=\"advgb-accordion-body\" style=\"border-style:solid !important;border-width:2px !important;border-color:undefined !important;border-top:none !important\">\n<ul class=\"wp-block-list\">\n<li>L\u2019importance la relation th\u00e9rapeutique et de l\u2019empathie dans le changement<\/li>\n\n\n\n<li>Atelier \u2013 Une personne significative<\/li>\n\n\n\n<li>L\u2019esprit de l\u2019entretien motivationnel&nbsp;:<ul><li>Partenariat<\/li><\/ul><ul><li>Non-jugement<\/li><\/ul><ul><li>Altruisme<\/li><\/ul>\n<ul class=\"wp-block-list\">\n<li>Empowerment<\/li>\n<\/ul>\n<\/li>\n<\/ul>\n\n\n\n<div class=\"wp-block-buttons is-layout-flex wp-block-buttons-is-layout-flex\"><\/div>\n<\/div><\/div>\n\n\n\n<div class=\"wp-block-advgb-accordion-item advgb-accordion-item\" style=\"margin-bottom:15px\"><div class=\"advgb-accordion-header\" style=\"background-color:#FFD3A7;color:#1b2f2b;border-style:solid;border-width:2px\"><span class=\"advgb-accordion-header-icon\"><svg fill=\"#1b2f2b\" xmlns=\"http:\/\/www.w3.org\/2000\/svg\" width=\"24\" height=\"24\" viewBox=\"0 0 24 24\"><path fill=\"none\" d=\"M0,0h24v24H0V0z\"><\/path><path d=\"M12,2C6.48,2,2,6.48,2,12s4.48,10,10,10s10-4.48,10-10S17.52,2,12,2z M17,13h-4v4h-2v-4H7v-2h4V7h2v4h4V13z\"><\/path><\/svg><\/span><h4 class=\"advgb-accordion-header-title\" style=\"color:inherit\">Chapitre 3\u00a0: Strat\u00e9gies et styles d\u2019entrevue pour favoriser l\u2019engagement de la relation<\/h4><\/div><div class=\"advgb-accordion-body\" style=\"border-style:solid !important;border-width:2px !important;border-color:undefined !important;border-top:none !important\">\n<ul class=\"wp-block-list\">\n<li>Les diff\u00e9rents styles d\u2019intervention et d\u2019accompagnement et leur contexte d\u2019utilisation&nbsp;:<\/li>\n\n\n\n<li>Suivre, guider et diriger<\/li>\n\n\n\n<li>Atelier \u2013 rep\u00e9rer le style d\u2019accompagnement et ses impacts \u00e0 partir de vid\u00e9os<\/li>\n\n\n\n<li>Atelier \u2013 Quel est votre style d\u2019accompagnement pr\u00e9dominant ?<\/li>\n\n\n\n<li>Le style et la posture d\u2019accompagnement utilis\u00e9 en entretien motivationnel<\/li>\n\n\n\n<li>Les 5 comp\u00e9tences essentielles en entretien motivationnel&nbsp;: OUver-DDOD<ul><li>Questions ouvertes<\/li><\/ul><ul><li>Valorisation<\/li><\/ul><ul><li>\u00c9coute empathique et r\u00e9flective<\/li><\/ul><ul><li>R\u00e9sum\u00e9s<\/li><\/ul>\n<ul class=\"wp-block-list\">\n<li>Communiquer de l\u2019information ou un avis professionnel&nbsp;: Demander-Demander-Offrir-Demander<\/li>\n<\/ul>\n<\/li>\n\n\n\n<li>Exploration des 5 comp\u00e9tences essentielles et de leur application en contexte d\u2019entretien avec les personnes accompagn\u00e9es<\/li>\n<\/ul>\n\n\n\n<div class=\"wp-block-buttons is-layout-flex wp-block-buttons-is-layout-flex\"><\/div>\n<\/div><\/div>\n\n\n\n<div class=\"wp-block-advgb-accordion-item advgb-accordion-item\" style=\"margin-bottom:15px\"><div class=\"advgb-accordion-header\" style=\"background-color:#FFD3A7;color:#1b2f2b;border-style:solid;border-width:2px\"><span class=\"advgb-accordion-header-icon\"><svg fill=\"#1b2f2b\" xmlns=\"http:\/\/www.w3.org\/2000\/svg\" width=\"24\" height=\"24\" viewBox=\"0 0 24 24\"><path fill=\"none\" d=\"M0,0h24v24H0V0z\"><\/path><path d=\"M12,2C6.48,2,2,6.48,2,12s4.48,10,10,10s10-4.48,10-10S17.52,2,12,2z M17,13h-4v4h-2v-4H7v-2h4V7h2v4h4V13z\"><\/path><\/svg><\/span><h4 class=\"advgb-accordion-header-title\" style=\"color:inherit\">Conclusion de la formation\u00a0: Int\u00e9gration des concepts et des comp\u00e9tences<\/h4><\/div><div class=\"advgb-accordion-body\" style=\"border-style:solid !important;border-width:2px !important;border-color:undefined !important;border-top:none !important\">\n<ul class=\"wp-block-list\">\n<li>Bilan de la formation et des \u00e9l\u00e9ments abord\u00e9s<\/li>\n\n\n\n<li>Mise en application des comp\u00e9tences et des strat\u00e9gies favorisant l\u2019engagement dans la relation en entretien motivationnel<\/li>\n\n\n\n<li>Exercices pratiques et interactifs \u00e0 partir d\u2019une situation d\u2019accompagnement concr\u00e8te<\/li>\n\n\n\n<li>Bilan des apprentissages<\/li>\n<\/ul>\n\n\n\n<div class=\"wp-block-buttons is-layout-flex wp-block-buttons-is-layout-flex\"><\/div>\n<\/div><\/div>\n<\/div>\n<\/div><\/div>\n\n\n\n<div class=\"wp-block-group content-block\"><div class=\"wp-block-group__inner-container is-layout-constrained wp-block-group-is-layout-constrained\">\n<div class=\"wp-block-columns is-layout-flex wp-container-core-columns-is-layout-9d6595d7 wp-block-columns-is-layout-flex\">\n<div class=\"wp-block-column is-layout-flow wp-block-column-is-layout-flow\">\n<h3 class=\"wp-block-heading\">Pr\u00e9requis<\/h3>\n\n\n\n<ul class=\"wp-block-list\">\n<li>Aucun<\/li>\n<\/ul>\n<\/div>\n\n\n\n<div class=\"wp-block-column is-layout-flow wp-block-column-is-layout-flow\">\n<h3 class=\"wp-block-heading\">Modalit\u00e9s<\/h3>\n\n\n\n<ul class=\"wp-block-list\">\n<li>Formation en ligne asynchrone<\/li>\n<\/ul>\n<\/div>\n<\/div>\n\n\n\n<div class=\"wp-block-group has-white-color has-orange-background-color has-text-color has-background box\"><div class=\"wp-block-group__inner-container is-layout-constrained wp-block-group-is-layout-constrained\">\n<h3 class=\"wp-block-heading\"><strong>Formations compl\u00e9mentaires<\/strong><\/h3>\n\n\n\n<p>Module 2 et 3 de la formation compl\u00e8te de base en entretien motivationnel<\/p>\n<\/div><\/div>\n<\/div><\/div>\n\n\n\n<div id=\"formulaire\" class=\"wp-block-group has-beige-light-background-color has-background content-block\"><div class=\"wp-block-group__inner-container is-layout-constrained wp-block-group-is-layout-constrained\">\n<h2 class=\"wp-block-heading\"><strong>Des questions au sujet de cette formation?<\/strong><\/h2>\n\n\n\n<p>Pour de plus amples informations ou pour s&rsquo;inscrire, contactez notre \u00e9quipe d\u00e8s maintenant.<\/p>\n\n\n\n<div class=\"wp-block-buttons is-layout-flex wp-block-buttons-is-layout-flex\">\n<div class=\"wp-block-button\"><a class=\"wp-block-button__link wp-element-button\" href=\"mailto:formation@groupeevie.com\">Contactez-nous<\/a><\/div>\n<\/div>\n<\/div><\/div>\n","protected":false},"excerpt":{"rendered":"<p>Public Pour tous Mode En ligne, asynchrone Dur\u00e9e 6 heures (acc\u00e8s illimit\u00e9) Co\u00fbt 195 \u20ac \/ participant L\u2019engagement dans la relation et vers le changement Cette formation ASYNCHRONE a pour [&hellip;]<\/p>\n","protected":false},"author":3,"featured_media":4624,"parent":5059,"menu_order":0,"comment_status":"closed","ping_status":"closed","template":"page-developpement.php","meta":{"_acf_changed":false,"inline_featured_image":false,"advgb_blocks_editor_width":"","advgb_blocks_columns_visual_guide":"","_price":"","_stock":"","_tribe_ticket_header":"","_tribe_default_ticket_provider":"","_tribe_ticket_capacity":"0","_ticket_start_date":"","_ticket_end_date":"","_tribe_ticket_show_description":"","_tribe_ticket_show_not_going":false,"_tribe_ticket_use_global_stock":"","_tribe_ticket_global_stock_level":"","_global_stock_mode":"","_global_stock_cap":"","_tribe_rsvp_for_event":"","_tribe_ticket_going_count":"","_tribe_ticket_not_going_count":"","_tribe_tickets_list":"[]","_tribe_ticket_has_attendee_info_fields":false,"footnotes":"","_tec_slr_enabled":"","_tec_slr_layout":""},"class_list":["post-5028","page","type-page","status-publish","has-post-thumbnail","hentry"],"acf":[],"yoast_head":"<!-- This site is optimized with the Yoast SEO plugin v27.2 - https:\/\/yoast.com\/product\/yoast-seo-wordpress\/ -->\n<title>Introduction \u00e0 l&#039;entretien motivationnel - Module 1 - Groupe \u00c9vie<\/title>\n<meta name=\"robots\" content=\"index, follow, max-snippet:-1, max-image-preview:large, max-video-preview:-1\" \/>\n<link rel=\"canonical\" href=\"https:\/\/groupeevie.com\/fr-fr\/catalogue-de-formations\/entretien-motivationnel\/\" \/>\n<meta property=\"og:locale\" content=\"fr_FR\" \/>\n<meta property=\"og:type\" content=\"article\" \/>\n<meta property=\"og:title\" content=\"Introduction \u00e0 l&#039;entretien motivationnel - Module 1 - Groupe \u00c9vie\" \/>\n<meta property=\"og:description\" content=\"Public Pour tous Mode En ligne, asynchrone Dur\u00e9e 6 heures (acc\u00e8s illimit\u00e9) Co\u00fbt 195 \u20ac \/ participant L\u2019engagement dans la relation et vers le changement Cette formation ASYNCHRONE a pour [&hellip;]\" \/>\n<meta property=\"og:url\" content=\"https:\/\/groupeevie.com\/fr-fr\/catalogue-de-formations\/entretien-motivationnel\/\" \/>\n<meta property=\"og:site_name\" content=\"Groupe \u00c9vie\" \/>\n<meta property=\"article:modified_time\" content=\"2024-10-09T15:20:28+00:00\" \/>\n<meta property=\"og:image\" content=\"https:\/\/groupeevie.com\/wp-content\/uploads\/2024\/03\/TSPT.png\" \/>\n\t<meta property=\"og:image:width\" content=\"800\" \/>\n\t<meta property=\"og:image:height\" content=\"800\" \/>\n\t<meta property=\"og:image:type\" content=\"image\/png\" \/>\n<meta name=\"twitter:card\" content=\"summary_large_image\" \/>\n<meta name=\"twitter:label1\" content=\"Dur\u00e9e de lecture estim\u00e9e\" \/>\n\t<meta name=\"twitter:data1\" content=\"3 minutes\" \/>\n<script type=\"application\/ld+json\" class=\"yoast-schema-graph\">{\"@context\":\"https:\/\/schema.org\",\"@graph\":[{\"@type\":\"WebPage\",\"@id\":\"https:\/\/groupeevie.com\/fr-fr\/catalogue-de-formations\/entretien-motivationnel\/\",\"url\":\"https:\/\/groupeevie.com\/fr-fr\/catalogue-de-formations\/entretien-motivationnel\/\",\"name\":\"Introduction \u00e0 l'entretien motivationnel - Module 1 - Groupe \u00c9vie\",\"isPartOf\":{\"@id\":\"https:\/\/groupeevie.com\/fr-fr\/#website\"},\"primaryImageOfPage\":{\"@id\":\"https:\/\/groupeevie.com\/fr-fr\/catalogue-de-formations\/entretien-motivationnel\/#primaryimage\"},\"image\":{\"@id\":\"https:\/\/groupeevie.com\/fr-fr\/catalogue-de-formations\/entretien-motivationnel\/#primaryimage\"},\"thumbnailUrl\":\"https:\/\/groupeevie.com\/wp-content\/uploads\/2024\/03\/TSPT.png\",\"datePublished\":\"2024-10-08T13:51:04+00:00\",\"dateModified\":\"2024-10-09T15:20:28+00:00\",\"breadcrumb\":{\"@id\":\"https:\/\/groupeevie.com\/fr-fr\/catalogue-de-formations\/entretien-motivationnel\/#breadcrumb\"},\"inLanguage\":\"fr-FR\",\"potentialAction\":[{\"@type\":\"ReadAction\",\"target\":[\"https:\/\/groupeevie.com\/fr-fr\/catalogue-de-formations\/entretien-motivationnel\/\"]}]},{\"@type\":\"ImageObject\",\"inLanguage\":\"fr-FR\",\"@id\":\"https:\/\/groupeevie.com\/fr-fr\/catalogue-de-formations\/entretien-motivationnel\/#primaryimage\",\"url\":\"https:\/\/groupeevie.com\/wp-content\/uploads\/2024\/03\/TSPT.png\",\"contentUrl\":\"https:\/\/groupeevie.com\/wp-content\/uploads\/2024\/03\/TSPT.png\",\"width\":800,\"height\":800},{\"@type\":\"BreadcrumbList\",\"@id\":\"https:\/\/groupeevie.com\/fr-fr\/catalogue-de-formations\/entretien-motivationnel\/#breadcrumb\",\"itemListElement\":[{\"@type\":\"ListItem\",\"position\":1,\"name\":\"Catalogue de formations\",\"item\":\"https:\/\/groupeevie.com\/fr-fr\/catalogue-de-formations\/\"},{\"@type\":\"ListItem\",\"position\":2,\"name\":\"Introduction \u00e0 l&#8217;entretien motivationnel &#8211; Module 1\"}]},{\"@type\":\"WebSite\",\"@id\":\"https:\/\/groupeevie.com\/fr-fr\/#website\",\"url\":\"https:\/\/groupeevie.com\/fr-fr\/\",\"name\":\"Groupe \u00c9vie\",\"description\":\"Au coeur de la sant\u00e9 mentale\",\"publisher\":{\"@id\":\"https:\/\/groupeevie.com\/fr-fr\/#organization\"},\"potentialAction\":[{\"@type\":\"SearchAction\",\"target\":{\"@type\":\"EntryPoint\",\"urlTemplate\":\"https:\/\/groupeevie.com\/fr-fr\/?s={search_term_string}\"},\"query-input\":{\"@type\":\"PropertyValueSpecification\",\"valueRequired\":true,\"valueName\":\"search_term_string\"}}],\"inLanguage\":\"fr-FR\"},{\"@type\":\"Organization\",\"@id\":\"https:\/\/groupeevie.com\/fr-fr\/#organization\",\"name\":\"Groupe \u00c9vie\",\"url\":\"https:\/\/groupeevie.com\/fr-fr\/\",\"logo\":{\"@type\":\"ImageObject\",\"inLanguage\":\"fr-FR\",\"@id\":\"https:\/\/groupeevie.com\/fr-fr\/#\/schema\/logo\/image\/\",\"url\":\"https:\/\/groupeevie.com\/wp-content\/uploads\/2022\/05\/EVIE-logo_rvb-2.png\",\"contentUrl\":\"https:\/\/groupeevie.com\/wp-content\/uploads\/2022\/05\/EVIE-logo_rvb-2.png\",\"width\":1414,\"height\":611,\"caption\":\"Groupe \u00c9vie\"},\"image\":{\"@id\":\"https:\/\/groupeevie.com\/fr-fr\/#\/schema\/logo\/image\/\"}}]}<\/script>\n<!-- \/ Yoast SEO plugin. -->","yoast_head_json":{"title":"Introduction \u00e0 l'entretien motivationnel - Module 1 - Groupe \u00c9vie","robots":{"index":"index","follow":"follow","max-snippet":"max-snippet:-1","max-image-preview":"max-image-preview:large","max-video-preview":"max-video-preview:-1"},"canonical":"https:\/\/groupeevie.com\/fr-fr\/catalogue-de-formations\/entretien-motivationnel\/","og_locale":"fr_FR","og_type":"article","og_title":"Introduction \u00e0 l'entretien motivationnel - Module 1 - Groupe \u00c9vie","og_description":"Public Pour tous Mode En ligne, asynchrone Dur\u00e9e 6 heures (acc\u00e8s illimit\u00e9) Co\u00fbt 195 \u20ac \/ participant L\u2019engagement dans la relation et vers le changement Cette formation ASYNCHRONE a pour [&hellip;]","og_url":"https:\/\/groupeevie.com\/fr-fr\/catalogue-de-formations\/entretien-motivationnel\/","og_site_name":"Groupe \u00c9vie","article_modified_time":"2024-10-09T15:20:28+00:00","og_image":[{"width":800,"height":800,"url":"https:\/\/groupeevie.com\/wp-content\/uploads\/2024\/03\/TSPT.png","type":"image\/png"}],"twitter_card":"summary_large_image","twitter_misc":{"Dur\u00e9e de lecture estim\u00e9e":"3 minutes"},"schema":{"@context":"https:\/\/schema.org","@graph":[{"@type":"WebPage","@id":"https:\/\/groupeevie.com\/fr-fr\/catalogue-de-formations\/entretien-motivationnel\/","url":"https:\/\/groupeevie.com\/fr-fr\/catalogue-de-formations\/entretien-motivationnel\/","name":"Introduction \u00e0 l'entretien motivationnel - Module 1 - Groupe \u00c9vie","isPartOf":{"@id":"https:\/\/groupeevie.com\/fr-fr\/#website"},"primaryImageOfPage":{"@id":"https:\/\/groupeevie.com\/fr-fr\/catalogue-de-formations\/entretien-motivationnel\/#primaryimage"},"image":{"@id":"https:\/\/groupeevie.com\/fr-fr\/catalogue-de-formations\/entretien-motivationnel\/#primaryimage"},"thumbnailUrl":"https:\/\/groupeevie.com\/wp-content\/uploads\/2024\/03\/TSPT.png","datePublished":"2024-10-08T13:51:04+00:00","dateModified":"2024-10-09T15:20:28+00:00","breadcrumb":{"@id":"https:\/\/groupeevie.com\/fr-fr\/catalogue-de-formations\/entretien-motivationnel\/#breadcrumb"},"inLanguage":"fr-FR","potentialAction":[{"@type":"ReadAction","target":["https:\/\/groupeevie.com\/fr-fr\/catalogue-de-formations\/entretien-motivationnel\/"]}]},{"@type":"ImageObject","inLanguage":"fr-FR","@id":"https:\/\/groupeevie.com\/fr-fr\/catalogue-de-formations\/entretien-motivationnel\/#primaryimage","url":"https:\/\/groupeevie.com\/wp-content\/uploads\/2024\/03\/TSPT.png","contentUrl":"https:\/\/groupeevie.com\/wp-content\/uploads\/2024\/03\/TSPT.png","width":800,"height":800},{"@type":"BreadcrumbList","@id":"https:\/\/groupeevie.com\/fr-fr\/catalogue-de-formations\/entretien-motivationnel\/#breadcrumb","itemListElement":[{"@type":"ListItem","position":1,"name":"Catalogue de formations","item":"https:\/\/groupeevie.com\/fr-fr\/catalogue-de-formations\/"},{"@type":"ListItem","position":2,"name":"Introduction \u00e0 l&#8217;entretien motivationnel &#8211; Module 1"}]},{"@type":"WebSite","@id":"https:\/\/groupeevie.com\/fr-fr\/#website","url":"https:\/\/groupeevie.com\/fr-fr\/","name":"Groupe \u00c9vie","description":"Au coeur de la sant\u00e9 mentale","publisher":{"@id":"https:\/\/groupeevie.com\/fr-fr\/#organization"},"potentialAction":[{"@type":"SearchAction","target":{"@type":"EntryPoint","urlTemplate":"https:\/\/groupeevie.com\/fr-fr\/?s={search_term_string}"},"query-input":{"@type":"PropertyValueSpecification","valueRequired":true,"valueName":"search_term_string"}}],"inLanguage":"fr-FR"},{"@type":"Organization","@id":"https:\/\/groupeevie.com\/fr-fr\/#organization","name":"Groupe \u00c9vie","url":"https:\/\/groupeevie.com\/fr-fr\/","logo":{"@type":"ImageObject","inLanguage":"fr-FR","@id":"https:\/\/groupeevie.com\/fr-fr\/#\/schema\/logo\/image\/","url":"https:\/\/groupeevie.com\/wp-content\/uploads\/2022\/05\/EVIE-logo_rvb-2.png","contentUrl":"https:\/\/groupeevie.com\/wp-content\/uploads\/2022\/05\/EVIE-logo_rvb-2.png","width":1414,"height":611,"caption":"Groupe \u00c9vie"},"image":{"@id":"https:\/\/groupeevie.com\/fr-fr\/#\/schema\/logo\/image\/"}}]}},"coauthors":[],"author_meta":{"author_link":"https:\/\/groupeevie.com\/fr-fr\/espace-evie\/author\/emiliecuffia\/","display_name":"EmilieCuffia"},"relative_dates":{"created":"Publi\u00e9 2 ans il y a","modified":"Mis \u00e0 jour 2 ans il y a"},"absolute_dates":{"created":"Publi\u00e9 le 8 octobre 2024","modified":"Mise \u00e0 jour le 9 octobre 2024"},"absolute_dates_time":{"created":"Publi\u00e9 le 8 octobre 2024 9h51","modified":"Mise \u00e0 jour le 9 octobre 2024 11h20"},"featured_img_caption":"","featured_img":"https:\/\/groupeevie.com\/wp-content\/uploads\/2024\/03\/TSPT.png","series_order":"","ticketed":false,"_links":{"self":[{"href":"https:\/\/groupeevie.com\/fr-fr\/wp-json\/wp\/v2\/pages\/5028","targetHints":{"allow":["GET"]}}],"collection":[{"href":"https:\/\/groupeevie.com\/fr-fr\/wp-json\/wp\/v2\/pages"}],"about":[{"href":"https:\/\/groupeevie.com\/fr-fr\/wp-json\/wp\/v2\/types\/page"}],"author":[{"embeddable":true,"href":"https:\/\/groupeevie.com\/fr-fr\/wp-json\/wp\/v2\/users\/3"}],"replies":[{"embeddable":true,"href":"https:\/\/groupeevie.com\/fr-fr\/wp-json\/wp\/v2\/comments?post=5028"}],"version-history":[{"count":5,"href":"https:\/\/groupeevie.com\/fr-fr\/wp-json\/wp\/v2\/pages\/5028\/revisions"}],"predecessor-version":[{"id":5087,"href":"https:\/\/groupeevie.com\/fr-fr\/wp-json\/wp\/v2\/pages\/5028\/revisions\/5087"}],"up":[{"embeddable":true,"href":"https:\/\/groupeevie.com\/fr-fr\/wp-json\/wp\/v2\/pages\/5059"}],"wp:featuredmedia":[{"embeddable":true,"href":"https:\/\/groupeevie.com\/fr-fr\/wp-json\/wp\/v2\/media\/4624"}],"wp:attachment":[{"href":"https:\/\/groupeevie.com\/fr-fr\/wp-json\/wp\/v2\/media?parent=5028"}],"curies":[{"name":"wp","href":"https:\/\/api.w.org\/{rel}","templated":true}]}}