{"id":5059,"date":"2024-10-09T08:53:22","date_gmt":"2024-10-09T12:53:22","guid":{"rendered":"https:\/\/groupeevie.com\/?page_id=5059"},"modified":"2024-10-09T08:53:28","modified_gmt":"2024-10-09T12:53:28","slug":"catalogue-de-formations","status":"publish","type":"page","link":"https:\/\/groupeevie.com\/fr-fr\/catalogue-de-formations\/","title":{"rendered":"Catalogue de formations"},"content":{"rendered":"\n<div class=\"wp-block-group content-block\"><div class=\"wp-block-group__inner-container is-layout-constrained wp-block-group-is-layout-constrained\">\n<h2 class=\"wp-block-heading\">Nos formations<\/h2>\n\n\n\n<p>Plongez dans une exp\u00e9rience de d\u00e9veloppement professionnel distinctive au sein du Groupe \u00c9vie, o\u00f9 chaque aspect est minutieusement con\u00e7u pour vous offrir une activit\u00e9 de formation pertinente, pratique et ancr\u00e9e dans l\u2019application concr\u00e8te des connaissances.<\/p>\n\n\n\n<p>Notre raison d\u2019\u00eatre guide chaque initiative, cr\u00e9ant un environnement propice \u00e0 l\u2019\u00e9panouissement professionnel et personnel. Joignez-vous \u00e0 nous pour promouvoir une culture organisationnelle reconnaissant et valorisant chaque individu. Au Groupe \u00c9vie, nous nous engageons \u00e0 cultiver le bien-\u00eatre et la vitalit\u00e9, une personne \u00e0 la fois.<\/p>\n<\/div><\/div>\n\n\n\n<div class=\"wp-block-group content-block\"><div class=\"wp-block-group__inner-container is-layout-constrained wp-block-group-is-layout-constrained\">\n<div class=\"wp-block-buttons btns-clienteles is-layout-flex wp-block-buttons-is-layout-flex\">\n<div class=\"wp-block-button btn-clientele btn-clientele-institutions reveal advgb-dyn-bd6ef589\"><a class=\"wp-block-button__link wp-element-button\" href=\"https:\/\/groupeevie.com\/fr-fr\/parcours-de-formation\/formation-aapip\/\">La sant\u00e9 mentale au travail : l\u2019humain derri\u00e8re le gestionnaire<\/a><\/div>\n\n\n\n<div class=\"wp-block-button btn-clientele btn-clientele-entreprises reveal advgb-dyn-fa943601\"><a class=\"wp-block-button__link wp-element-button\" href=\"https:\/\/groupeevie.com\/fr-fr\/soutien-a-lapprentissage\/accompagnement-personnalise\/\">Sant\u00e9 mentale au travail \u2013 Parcours pour gestionnaires en 4 modules<\/a><\/div>\n\n\n\n<div class=\"wp-block-button btn-clientele btn-clientele-developpement reveal advgb-dyn-3968964f\"><a class=\"wp-block-button__link wp-element-button\" href=\"https:\/\/groupeevie.com\/fr-fr\/parcours-de-formation\/sensibilisation-a-lapproche-gestionnaires\/\">Le stress en milieu de travail : prendre soin de soi et son \u00e9quipe<\/a><\/div>\n\n\n\n<div class=\"wp-block-button btn-clientele btn-clientele-individuel reveal advgb-dyn-7d75e405\"><a class=\"wp-block-button__link wp-element-button\" href=\"https:\/\/groupeevie.com\/fr-fr\/lapproche-daccompagnement-du-groupe-evie\/\">Introduction \u00e0 l\u2019entretien motivationnel \u2013 Module 1<\/a><\/div>\n<\/div>\n<\/div><\/div>\n\n\n\n<div class=\"wp-block-group content-block\"><div class=\"wp-block-group__inner-container is-layout-constrained wp-block-group-is-layout-constrained\">\n<h2 class=\"wp-block-heading\">Parcours de formation du Groupe \u00c9vie<\/h2>\n\n\n\n<p>Ce parcours de formation innovant adopte une approche psycho\u00e9ducative et de proximit\u00e9, int\u00e9grant une p\u00e9dagogie active dans un environnement num\u00e9rique interactif convivial. Con\u00e7u sp\u00e9cifiquement pour les professionnels et gestionnaires \u0153uvrant aupr\u00e8s des personnes en situation de handicap, il vise \u00e0 transformer leurs pratiques d&rsquo;accompagnement. <\/p>\n\n\n\n<p>En se basant sur des fondements conceptuels solides et une approche pragmatique, ce parcours d\u00e9veloppe des comp\u00e9tences transversales essentielles. Il encourage l&rsquo;adoption de postures professionnelles favorisant l&rsquo;autod\u00e9termination et la valorisation des capacit\u00e9s individuelles, tout en int\u00e9grant des interventions directement dans le milieu de vie des personnes accompagn\u00e9es. <\/p>\n\n\n\n<p>Les b\u00e9n\u00e9fices attendus incluent une meilleure compr\u00e9hension individuelle, une coh\u00e9rence accrue avec les projets de vie personnalis\u00e9s, une mobilisation et responsabilisation renforc\u00e9es, ainsi qu&rsquo;une efficacit\u00e9 accrue dans le soutien apport\u00e9. <\/p>\n\n\n\n<p>Ce programme s&rsquo;adresse \u00e0 divers professionnels tels que les ergoth\u00e9rapeutes, psychologues, \u00e9ducateurs sp\u00e9cialis\u00e9s, et vise \u00e0 renforcer leur sentiment de comp\u00e9tence et d&rsquo;impact positif dans leur accompagnement quotidien.<\/p>\n\n\n\n<div class=\"wp-block-buttons is-layout-flex wp-block-buttons-is-layout-flex\">\n<div class=\"wp-block-button\"><a class=\"wp-block-button__link wp-element-button\" href=\"https:\/\/groupeevie.com\/fr-fr\/parcours-de-formation\/\">En savoir plus<\/a><\/div>\n<\/div>\n<\/div><\/div>\n\n\n\n<div class=\"wp-block-group has-beige-background-color has-background content-block advgb-dyn-34d3e5e1\"><div class=\"wp-block-group__inner-container is-layout-flow wp-block-group-is-layout-flow\">\n<h3 class=\"wp-block-heading has-text-align-left advgb-dyn-7d498a45\" id=\"des-interventions-individualisees-ebf34692-f201-4d66-8c4f-9966c32767e5\">Soutien \u00e0 l&rsquo;apprentissage<\/h3>\n\n\n\n<p>Ce programme de soutien \u00e0 l&rsquo;apprentissage vise \u00e0 renforcer les connaissances et comp\u00e9tences des professionnels en leur offrant un espace d\u00e9di\u00e9 \u00e0 la r\u00e9flexion et \u00e0 la consolidation. Dirig\u00e9 par des formateurs-experts du Groupe \u00c9vie, il permet aux participants de prendre du recul sur leur pratique, de valoriser leurs comp\u00e9tences et de se fixer des objectifs personnels align\u00e9s avec les changements de posture pr\u00e9conis\u00e9s. <\/p>\n\n\n\n<p>Ce processus encourage \u00e9galement la personnalisation de l&rsquo;Approche d&rsquo;accompagnement selon les besoins individuels et contextuels, tout en favorisant un environnement de cod\u00e9veloppement.<\/p>\n\n\n\n<div class=\"wp-block-columns is-layout-flex wp-container-core-columns-is-layout-9d6595d7 wp-block-columns-is-layout-flex\">\n<div class=\"wp-block-column is-layout-flow wp-block-column-is-layout-flow\"><div class=\"wp-block-image\">\n<figure class=\"aligncenter size-full advgb-dyn-f23370df\"><img decoding=\"async\" width=\"1024\" height=\"1024\" src=\"https:\/\/groupeevie.com\/wp-content\/uploads\/2024\/02\/Untitled-design-21-1024x1024-2.png\" alt=\"\" class=\"wp-image-4388\" srcset=\"https:\/\/groupeevie.com\/wp-content\/uploads\/2024\/02\/Untitled-design-21-1024x1024-2.png 1024w, https:\/\/groupeevie.com\/wp-content\/uploads\/2024\/02\/Untitled-design-21-1024x1024-2-300x300.png 300w, https:\/\/groupeevie.com\/wp-content\/uploads\/2024\/02\/Untitled-design-21-1024x1024-2-150x150.png 150w, https:\/\/groupeevie.com\/wp-content\/uploads\/2024\/02\/Untitled-design-21-1024x1024-2-768x768.png 768w, https:\/\/groupeevie.com\/wp-content\/uploads\/2024\/02\/Untitled-design-21-1024x1024-2-600x600.png 600w, https:\/\/groupeevie.com\/wp-content\/uploads\/2024\/02\/Untitled-design-21-1024x1024-2-100x100.png 100w\" sizes=\"(max-width: 1024px) 100vw, 1024px\" \/><\/figure>\n<\/div>\n\n\n<h4 class=\"wp-block-heading has-text-align-center advgb-dyn-a270c94c\" id=\"apaisement-et-gestion-emotionnelle-5ed932de-d975-4285-8ed0-dadcb1658efc\"><a href=\"https:\/\/groupeevie.com\/suivi-psychosocial-individuel\/interventions-psychoeducatives\/suivis-individualises\/#reprise-habitudes-vie\"><a href=\"https:\/\/groupeevie.com\/fr-fr\/parcours-de-formation\/analyse-de-pratiques-en-equipe-de-travail\/\">Analyse de pratiques en \u00e9quipe de travail<\/a><\/a><\/h4>\n<\/div>\n\n\n\n<div class=\"wp-block-column is-layout-flow wp-block-column-is-layout-flow\"><div class=\"wp-block-image\">\n<figure class=\"aligncenter size-full advgb-dyn-a1b12b01\"><img decoding=\"async\" width=\"1024\" height=\"1024\" src=\"https:\/\/groupeevie.com\/wp-content\/uploads\/2024\/02\/Untitled-design-5-1024x1024-1.png\" alt=\"\" class=\"wp-image-4309\" srcset=\"https:\/\/groupeevie.com\/wp-content\/uploads\/2024\/02\/Untitled-design-5-1024x1024-1.png 1024w, https:\/\/groupeevie.com\/wp-content\/uploads\/2024\/02\/Untitled-design-5-1024x1024-1-300x300.png 300w, https:\/\/groupeevie.com\/wp-content\/uploads\/2024\/02\/Untitled-design-5-1024x1024-1-150x150.png 150w, https:\/\/groupeevie.com\/wp-content\/uploads\/2024\/02\/Untitled-design-5-1024x1024-1-768x768.png 768w, https:\/\/groupeevie.com\/wp-content\/uploads\/2024\/02\/Untitled-design-5-1024x1024-1-600x600.png 600w, https:\/\/groupeevie.com\/wp-content\/uploads\/2024\/02\/Untitled-design-5-1024x1024-1-100x100.png 100w\" sizes=\"(max-width: 1024px) 100vw, 1024px\" \/><\/figure>\n<\/div>\n\n\n<h4 class=\"wp-block-heading has-text-align-center advgb-dyn-b7457409\" id=\"apaisement-et-gestion-emotionnelle-5ed932de-d975-4285-8ed0-dadcb1658efc\"><a href=\"https:\/\/groupeevie.com\/fr-fr\/parcours-de-formation\/soutien-a-une-communaute-de-pratique\/\"><a href=\"https:\/\/groupeevie.com\/suivi-psychosocial-individuel\/interventions-psychoeducatives\/suivis-individualises\/#apaisement-gestion-emotionnelle\">Soutien \u00e0 une communaut\u00e9 de pratique<\/a><\/a><\/h4>\n<\/div>\n\n\n\n<div class=\"wp-block-column is-layout-flow wp-block-column-is-layout-flow\"><div class=\"wp-block-image\">\n<figure class=\"aligncenter size-large advgb-dyn-c37967ae\"><img decoding=\"async\" width=\"1024\" height=\"1024\" src=\"https:\/\/groupeevie.com\/wp-content\/uploads\/2023\/08\/Untitled-design-23-1024x1024.png\" alt=\"\" class=\"wp-image-3155\" srcset=\"https:\/\/groupeevie.com\/wp-content\/uploads\/2023\/08\/Untitled-design-23-1024x1024.png 1024w, https:\/\/groupeevie.com\/wp-content\/uploads\/2023\/08\/Untitled-design-23-300x300.png 300w, https:\/\/groupeevie.com\/wp-content\/uploads\/2023\/08\/Untitled-design-23-100x100.png 100w, https:\/\/groupeevie.com\/wp-content\/uploads\/2023\/08\/Untitled-design-23-600x600.png 600w, https:\/\/groupeevie.com\/wp-content\/uploads\/2023\/08\/Untitled-design-23-150x150.png 150w, https:\/\/groupeevie.com\/wp-content\/uploads\/2023\/08\/Untitled-design-23-768x768.png 768w, https:\/\/groupeevie.com\/wp-content\/uploads\/2023\/08\/Untitled-design-23.png 1080w\" sizes=\"(max-width: 1024px) 100vw, 1024px\" \/><\/figure>\n<\/div>\n\n\n<h4 class=\"wp-block-heading has-text-align-center advgb-dyn-cbd01bb4\" id=\"education-psychologique-ba2d7425-57a1-4486-a242-233dc0fefc47\"><a href=\"https:\/\/groupeevie.com\/fr-fr\/parcours-de-formation\/analyse-de-pratiques-en-individuel\/\">Analyse de pratiques en individuel<\/a><\/h4>\n<\/div>\n<\/div>\n<\/div><\/div>\n","protected":false},"excerpt":{"rendered":"<p>Nos formations Plongez dans une exp\u00e9rience de d\u00e9veloppement professionnel distinctive au sein du Groupe \u00c9vie, o\u00f9 chaque aspect est minutieusement con\u00e7u pour vous offrir une activit\u00e9 de formation pertinente, pratique [&hellip;]<\/p>\n","protected":false},"author":3,"featured_media":0,"parent":0,"menu_order":0,"comment_status":"closed","ping_status":"closed","template":"","meta":{"_acf_changed":false,"inline_featured_image":false,"advgb_blocks_editor_width":"","advgb_blocks_columns_visual_guide":"","_price":"","_stock":"","_tribe_ticket_header":"","_tribe_default_ticket_provider":"","_tribe_ticket_capacity":"0","_ticket_start_date":"","_ticket_end_date":"","_tribe_ticket_show_description":"","_tribe_ticket_show_not_going":false,"_tribe_ticket_use_global_stock":"","_tribe_ticket_global_stock_level":"","_global_stock_mode":"","_global_stock_cap":"","_tribe_rsvp_for_event":"","_tribe_ticket_going_count":"","_tribe_ticket_not_going_count":"","_tribe_tickets_list":"[]","_tribe_ticket_has_attendee_info_fields":false,"footnotes":"","_tec_slr_enabled":"","_tec_slr_layout":""},"class_list":["post-5059","page","type-page","status-publish","hentry"],"acf":[],"yoast_head":"<!-- This site is optimized with the Yoast SEO plugin v27.2 - https:\/\/yoast.com\/product\/yoast-seo-wordpress\/ -->\n<title>Catalogue de formations - Groupe \u00c9vie<\/title>\n<meta name=\"robots\" content=\"index, follow, max-snippet:-1, max-image-preview:large, max-video-preview:-1\" \/>\n<link rel=\"canonical\" href=\"https:\/\/groupeevie.com\/fr-fr\/catalogue-de-formations\/\" \/>\n<meta property=\"og:locale\" content=\"fr_FR\" \/>\n<meta property=\"og:type\" content=\"article\" \/>\n<meta property=\"og:title\" content=\"Catalogue de formations - Groupe \u00c9vie\" \/>\n<meta property=\"og:description\" content=\"Nos formations Plongez dans une exp\u00e9rience de d\u00e9veloppement professionnel distinctive au sein du Groupe \u00c9vie, o\u00f9 chaque aspect est minutieusement con\u00e7u pour vous offrir une activit\u00e9 de formation pertinente, pratique [&hellip;]\" \/>\n<meta property=\"og:url\" content=\"https:\/\/groupeevie.com\/fr-fr\/catalogue-de-formations\/\" \/>\n<meta property=\"og:site_name\" content=\"Groupe \u00c9vie\" \/>\n<meta property=\"article:modified_time\" content=\"2024-10-09T12:53:28+00:00\" \/>\n<meta property=\"og:image\" content=\"https:\/\/groupeevie.com\/wp-content\/uploads\/2024\/02\/Untitled-design-21-1024x1024-2.png\" \/>\n<meta name=\"twitter:card\" content=\"summary_large_image\" \/>\n<meta name=\"twitter:label1\" content=\"Dur\u00e9e de lecture estim\u00e9e\" \/>\n\t<meta name=\"twitter:data1\" content=\"3 minutes\" \/>\n<script type=\"application\/ld+json\" class=\"yoast-schema-graph\">{\"@context\":\"https:\/\/schema.org\",\"@graph\":[{\"@type\":\"WebPage\",\"@id\":\"https:\/\/groupeevie.com\/fr-fr\/catalogue-de-formations\/\",\"url\":\"https:\/\/groupeevie.com\/fr-fr\/catalogue-de-formations\/\",\"name\":\"Catalogue de formations - Groupe \u00c9vie\",\"isPartOf\":{\"@id\":\"https:\/\/groupeevie.com\/fr-fr\/#website\"},\"primaryImageOfPage\":{\"@id\":\"https:\/\/groupeevie.com\/fr-fr\/catalogue-de-formations\/#primaryimage\"},\"image\":{\"@id\":\"https:\/\/groupeevie.com\/fr-fr\/catalogue-de-formations\/#primaryimage\"},\"thumbnailUrl\":\"https:\/\/groupeevie.com\/wp-content\/uploads\/2024\/02\/Untitled-design-21-1024x1024-2.png\",\"datePublished\":\"2024-10-09T12:53:22+00:00\",\"dateModified\":\"2024-10-09T12:53:28+00:00\",\"inLanguage\":\"fr-FR\",\"potentialAction\":[{\"@type\":\"ReadAction\",\"target\":[\"https:\/\/groupeevie.com\/fr-fr\/catalogue-de-formations\/\"]}]},{\"@type\":\"ImageObject\",\"inLanguage\":\"fr-FR\",\"@id\":\"https:\/\/groupeevie.com\/fr-fr\/catalogue-de-formations\/#primaryimage\",\"url\":\"https:\/\/groupeevie.com\/wp-content\/uploads\/2024\/02\/Untitled-design-21-1024x1024-2.png\",\"contentUrl\":\"https:\/\/groupeevie.com\/wp-content\/uploads\/2024\/02\/Untitled-design-21-1024x1024-2.png\"},{\"@type\":\"WebSite\",\"@id\":\"https:\/\/groupeevie.com\/fr-fr\/#website\",\"url\":\"https:\/\/groupeevie.com\/fr-fr\/\",\"name\":\"Groupe \u00c9vie\",\"description\":\"Au coeur de la sant\u00e9 mentale\",\"publisher\":{\"@id\":\"https:\/\/groupeevie.com\/fr-fr\/#organization\"},\"potentialAction\":[{\"@type\":\"SearchAction\",\"target\":{\"@type\":\"EntryPoint\",\"urlTemplate\":\"https:\/\/groupeevie.com\/fr-fr\/?s={search_term_string}\"},\"query-input\":{\"@type\":\"PropertyValueSpecification\",\"valueRequired\":true,\"valueName\":\"search_term_string\"}}],\"inLanguage\":\"fr-FR\"},{\"@type\":\"Organization\",\"@id\":\"https:\/\/groupeevie.com\/fr-fr\/#organization\",\"name\":\"Groupe \u00c9vie\",\"url\":\"https:\/\/groupeevie.com\/fr-fr\/\",\"logo\":{\"@type\":\"ImageObject\",\"inLanguage\":\"fr-FR\",\"@id\":\"https:\/\/groupeevie.com\/fr-fr\/#\/schema\/logo\/image\/\",\"url\":\"https:\/\/groupeevie.com\/wp-content\/uploads\/2022\/05\/EVIE-logo_rvb-2.png\",\"contentUrl\":\"https:\/\/groupeevie.com\/wp-content\/uploads\/2022\/05\/EVIE-logo_rvb-2.png\",\"width\":1414,\"height\":611,\"caption\":\"Groupe \u00c9vie\"},\"image\":{\"@id\":\"https:\/\/groupeevie.com\/fr-fr\/#\/schema\/logo\/image\/\"}}]}<\/script>\n<!-- \/ Yoast SEO plugin. -->","yoast_head_json":{"title":"Catalogue de formations - Groupe \u00c9vie","robots":{"index":"index","follow":"follow","max-snippet":"max-snippet:-1","max-image-preview":"max-image-preview:large","max-video-preview":"max-video-preview:-1"},"canonical":"https:\/\/groupeevie.com\/fr-fr\/catalogue-de-formations\/","og_locale":"fr_FR","og_type":"article","og_title":"Catalogue de formations - Groupe \u00c9vie","og_description":"Nos formations Plongez dans une exp\u00e9rience de d\u00e9veloppement professionnel distinctive au sein du Groupe \u00c9vie, o\u00f9 chaque aspect est minutieusement con\u00e7u pour vous offrir une activit\u00e9 de formation pertinente, pratique [&hellip;]","og_url":"https:\/\/groupeevie.com\/fr-fr\/catalogue-de-formations\/","og_site_name":"Groupe \u00c9vie","article_modified_time":"2024-10-09T12:53:28+00:00","og_image":[{"url":"https:\/\/groupeevie.com\/wp-content\/uploads\/2024\/02\/Untitled-design-21-1024x1024-2.png","type":"","width":"","height":""}],"twitter_card":"summary_large_image","twitter_misc":{"Dur\u00e9e de lecture estim\u00e9e":"3 minutes"},"schema":{"@context":"https:\/\/schema.org","@graph":[{"@type":"WebPage","@id":"https:\/\/groupeevie.com\/fr-fr\/catalogue-de-formations\/","url":"https:\/\/groupeevie.com\/fr-fr\/catalogue-de-formations\/","name":"Catalogue de formations - Groupe \u00c9vie","isPartOf":{"@id":"https:\/\/groupeevie.com\/fr-fr\/#website"},"primaryImageOfPage":{"@id":"https:\/\/groupeevie.com\/fr-fr\/catalogue-de-formations\/#primaryimage"},"image":{"@id":"https:\/\/groupeevie.com\/fr-fr\/catalogue-de-formations\/#primaryimage"},"thumbnailUrl":"https:\/\/groupeevie.com\/wp-content\/uploads\/2024\/02\/Untitled-design-21-1024x1024-2.png","datePublished":"2024-10-09T12:53:22+00:00","dateModified":"2024-10-09T12:53:28+00:00","inLanguage":"fr-FR","potentialAction":[{"@type":"ReadAction","target":["https:\/\/groupeevie.com\/fr-fr\/catalogue-de-formations\/"]}]},{"@type":"ImageObject","inLanguage":"fr-FR","@id":"https:\/\/groupeevie.com\/fr-fr\/catalogue-de-formations\/#primaryimage","url":"https:\/\/groupeevie.com\/wp-content\/uploads\/2024\/02\/Untitled-design-21-1024x1024-2.png","contentUrl":"https:\/\/groupeevie.com\/wp-content\/uploads\/2024\/02\/Untitled-design-21-1024x1024-2.png"},{"@type":"WebSite","@id":"https:\/\/groupeevie.com\/fr-fr\/#website","url":"https:\/\/groupeevie.com\/fr-fr\/","name":"Groupe \u00c9vie","description":"Au coeur de la sant\u00e9 mentale","publisher":{"@id":"https:\/\/groupeevie.com\/fr-fr\/#organization"},"potentialAction":[{"@type":"SearchAction","target":{"@type":"EntryPoint","urlTemplate":"https:\/\/groupeevie.com\/fr-fr\/?s={search_term_string}"},"query-input":{"@type":"PropertyValueSpecification","valueRequired":true,"valueName":"search_term_string"}}],"inLanguage":"fr-FR"},{"@type":"Organization","@id":"https:\/\/groupeevie.com\/fr-fr\/#organization","name":"Groupe \u00c9vie","url":"https:\/\/groupeevie.com\/fr-fr\/","logo":{"@type":"ImageObject","inLanguage":"fr-FR","@id":"https:\/\/groupeevie.com\/fr-fr\/#\/schema\/logo\/image\/","url":"https:\/\/groupeevie.com\/wp-content\/uploads\/2022\/05\/EVIE-logo_rvb-2.png","contentUrl":"https:\/\/groupeevie.com\/wp-content\/uploads\/2022\/05\/EVIE-logo_rvb-2.png","width":1414,"height":611,"caption":"Groupe \u00c9vie"},"image":{"@id":"https:\/\/groupeevie.com\/fr-fr\/#\/schema\/logo\/image\/"}}]}},"coauthors":[],"author_meta":{"author_link":"https:\/\/groupeevie.com\/fr-fr\/espace-evie\/author\/emiliecuffia\/","display_name":"EmilieCuffia"},"relative_dates":{"created":"Publi\u00e9 2 ans il y a","modified":"Mis \u00e0 jour 2 ans il y a"},"absolute_dates":{"created":"Publi\u00e9 le 9 octobre 2024","modified":"Mise \u00e0 jour le 9 octobre 2024"},"absolute_dates_time":{"created":"Publi\u00e9 le 9 octobre 2024 8h53","modified":"Mise \u00e0 jour le 9 octobre 2024 8h53"},"featured_img_caption":"","featured_img":false,"series_order":"","ticketed":false,"_links":{"self":[{"href":"https:\/\/groupeevie.com\/fr-fr\/wp-json\/wp\/v2\/pages\/5059","targetHints":{"allow":["GET"]}}],"collection":[{"href":"https:\/\/groupeevie.com\/fr-fr\/wp-json\/wp\/v2\/pages"}],"about":[{"href":"https:\/\/groupeevie.com\/fr-fr\/wp-json\/wp\/v2\/types\/page"}],"author":[{"embeddable":true,"href":"https:\/\/groupeevie.com\/fr-fr\/wp-json\/wp\/v2\/users\/3"}],"replies":[{"embeddable":true,"href":"https:\/\/groupeevie.com\/fr-fr\/wp-json\/wp\/v2\/comments?post=5059"}],"version-history":[{"count":2,"href":"https:\/\/groupeevie.com\/fr-fr\/wp-json\/wp\/v2\/pages\/5059\/revisions"}],"predecessor-version":[{"id":5061,"href":"https:\/\/groupeevie.com\/fr-fr\/wp-json\/wp\/v2\/pages\/5059\/revisions\/5061"}],"wp:attachment":[{"href":"https:\/\/groupeevie.com\/fr-fr\/wp-json\/wp\/v2\/media?parent=5059"}],"curies":[{"name":"wp","href":"https:\/\/api.w.org\/{rel}","templated":true}]}}