{"id":6089,"date":"2024-03-12T10:42:28","date_gmt":"2024-03-12T14:42:28","guid":{"rendered":"https:\/\/groupeevie.com\/bien-etre-au-travail\/outils-et-telechargement\/"},"modified":"2025-10-14T10:57:43","modified_gmt":"2025-10-14T14:57:43","slug":"outils-et-telechargement","status":"publish","type":"page","link":"https:\/\/groupeevie.com\/fr-fr\/bien-etre-au-travail\/outils-et-telechargement\/","title":{"rendered":"Outils et t\u00e9l\u00e9chargement"},"content":{"rendered":"<ul class=\"wp-block-latest-posts__list wp-block-latest-posts\"><li><div class=\"wp-block-latest-posts__featured-image alignleft\"><a href=\"https:\/\/groupeevie.com\/fr-fr\/espace-evie\/4-outils-pour-ameliorer-vos-relations-grace-a-la-communication-non-violente\/\" aria-label=\"4 outils pour am\u00e9liorer vos relations gr\u00e2ce \u00e0 la communication non violente\"><img decoding=\"async\" width=\"1024\" height=\"577\" src=\"https:\/\/groupeevie.com\/wp-content\/uploads\/2025\/01\/Intervention-post-evenement-critique-IPEC-en-milieu-de-travail-1024x577.png\" class=\"attachment-large size-large wp-post-image\" alt=\"\" style=\"\" srcset=\"https:\/\/groupeevie.com\/wp-content\/uploads\/2025\/01\/Intervention-post-evenement-critique-IPEC-en-milieu-de-travail-1024x577.png 1024w, https:\/\/groupeevie.com\/wp-content\/uploads\/2025\/01\/Intervention-post-evenement-critique-IPEC-en-milieu-de-travail-300x169.png 300w, https:\/\/groupeevie.com\/wp-content\/uploads\/2025\/01\/Intervention-post-evenement-critique-IPEC-en-milieu-de-travail-768x433.png 768w, https:\/\/groupeevie.com\/wp-content\/uploads\/2025\/01\/Intervention-post-evenement-critique-IPEC-en-milieu-de-travail-1536x865.png 1536w, https:\/\/groupeevie.com\/wp-content\/uploads\/2025\/01\/Intervention-post-evenement-critique-IPEC-en-milieu-de-travail-1568x883.png 1568w, https:\/\/groupeevie.com\/wp-content\/uploads\/2025\/01\/Intervention-post-evenement-critique-IPEC-en-milieu-de-travail.png 1640w\" sizes=\"(max-width: 1024px) 100vw, 1024px\" \/><\/a><\/div><a class=\"wp-block-latest-posts__post-title\" href=\"https:\/\/groupeevie.com\/fr-fr\/espace-evie\/4-outils-pour-ameliorer-vos-relations-grace-a-la-communication-non-violente\/\">4 outils pour am\u00e9liorer vos relations gr\u00e2ce \u00e0 la communication non violente<\/a><\/li>\n<li><div class=\"wp-block-latest-posts__featured-image alignleft\"><a href=\"https:\/\/groupeevie.com\/fr-fr\/espace-evie\/les-3-ingredients-de-lautocompassion\/\" aria-label=\"Les 3 ingr\u00e9dients de l&rsquo;autocompassion\"><img decoding=\"async\" width=\"1024\" height=\"769\" src=\"https:\/\/groupeevie.com\/wp-content\/uploads\/2025\/02\/Screenshot-2025-02-06-094813-1024x769.png\" class=\"attachment-large size-large wp-post-image\" alt=\"\" style=\"\" srcset=\"https:\/\/groupeevie.com\/wp-content\/uploads\/2025\/02\/Screenshot-2025-02-06-094813-1024x769.png 1024w, https:\/\/groupeevie.com\/wp-content\/uploads\/2025\/02\/Screenshot-2025-02-06-094813-300x225.png 300w, https:\/\/groupeevie.com\/wp-content\/uploads\/2025\/02\/Screenshot-2025-02-06-094813-768x576.png 768w, https:\/\/groupeevie.com\/wp-content\/uploads\/2025\/02\/Screenshot-2025-02-06-094813.png 1203w\" sizes=\"(max-width: 1024px) 100vw, 1024px\" \/><\/a><\/div><a class=\"wp-block-latest-posts__post-title\" href=\"https:\/\/groupeevie.com\/fr-fr\/espace-evie\/les-3-ingredients-de-lautocompassion\/\">Les 3 ingr\u00e9dients de l&rsquo;autocompassion<\/a><\/li>\n<li><div class=\"wp-block-latest-posts__featured-image alignleft\"><a href=\"https:\/\/groupeevie.com\/fr-fr\/espace-evie\/les-4-types-denergie\/\" aria-label=\"Les 4 types d\u2019\u00e9nergie\"><img decoding=\"async\" width=\"573\" height=\"737\" src=\"https:\/\/groupeevie.com\/wp-content\/uploads\/2024\/06\/Screenshot-2024-06-11-104418.png\" class=\"attachment-large size-large wp-post-image\" alt=\"\" style=\"\" srcset=\"https:\/\/groupeevie.com\/wp-content\/uploads\/2024\/06\/Screenshot-2024-06-11-104418.png 573w, https:\/\/groupeevie.com\/wp-content\/uploads\/2024\/06\/Screenshot-2024-06-11-104418-233x300.png 233w\" sizes=\"(max-width: 573px) 100vw, 573px\" \/><\/a><\/div><a class=\"wp-block-latest-posts__post-title\" href=\"https:\/\/groupeevie.com\/fr-fr\/espace-evie\/les-4-types-denergie\/\">Les 4 types d\u2019\u00e9nergie<\/a><\/li>\n<li><div class=\"wp-block-latest-posts__featured-image alignleft\"><a href=\"https:\/\/groupeevie.com\/fr-fr\/espace-evie\/les-7-cles-pour-soutenir-la-sante-mentale-au-travail\/\" aria-label=\"Les 7 cl\u00e9s pour soutenir la sant\u00e9 mentale au travail\"><img decoding=\"async\" width=\"477\" height=\"471\" src=\"https:\/\/groupeevie.com\/wp-content\/uploads\/2022\/05\/troubles-1.png\" class=\"attachment-large size-large wp-post-image\" alt=\"\" style=\"\" srcset=\"https:\/\/groupeevie.com\/wp-content\/uploads\/2022\/05\/troubles-1.png 477w, https:\/\/groupeevie.com\/wp-content\/uploads\/2022\/05\/troubles-1-100x100.png 100w, https:\/\/groupeevie.com\/wp-content\/uploads\/2022\/05\/troubles-1-300x296.png 300w\" sizes=\"(max-width: 477px) 100vw, 477px\" \/><\/a><\/div><a class=\"wp-block-latest-posts__post-title\" href=\"https:\/\/groupeevie.com\/fr-fr\/espace-evie\/les-7-cles-pour-soutenir-la-sante-mentale-au-travail\/\">Les 7 cl\u00e9s pour soutenir la sant\u00e9 mentale au travail<\/a><\/li>\n<li><div class=\"wp-block-latest-posts__featured-image alignleft\"><a href=\"https:\/\/groupeevie.com\/fr-fr\/espace-evie\/preserver-et-ameliorer-sa-sante-mentale-au-travail\/\" aria-label=\"Pr\u00e9server et am\u00e9liorer sa sant\u00e9 mentale au travail\"><img decoding=\"async\" width=\"685\" height=\"876\" src=\"https:\/\/groupeevie.com\/wp-content\/uploads\/2024\/04\/Screenshot-2024-04-08-105406.png\" class=\"attachment-large size-large wp-post-image\" alt=\"\" style=\"\" srcset=\"https:\/\/groupeevie.com\/wp-content\/uploads\/2024\/04\/Screenshot-2024-04-08-105406.png 685w, https:\/\/groupeevie.com\/wp-content\/uploads\/2024\/04\/Screenshot-2024-04-08-105406-235x300.png 235w, https:\/\/groupeevie.com\/wp-content\/uploads\/2024\/04\/Screenshot-2024-04-08-105406-600x767.png 600w\" sizes=\"(max-width: 685px) 100vw, 685px\" \/><\/a><\/div><a class=\"wp-block-latest-posts__post-title\" href=\"https:\/\/groupeevie.com\/fr-fr\/espace-evie\/preserver-et-ameliorer-sa-sante-mentale-au-travail\/\">Pr\u00e9server et am\u00e9liorer sa sant\u00e9 mentale au travail<\/a><\/li>\n<li><div class=\"wp-block-latest-posts__featured-image alignleft\"><a href=\"https:\/\/groupeevie.com\/fr-fr\/espace-evie\/que-peuvent-faire-les-employes-pour-se-proteger-contre-les-blessures-psychologiques\/\" aria-label=\"Que peuvent faire les employ\u00e9s pour se prot\u00e9ger contre les blessures psychologiques ?\"><img decoding=\"async\" width=\"1024\" height=\"1024\" src=\"https:\/\/groupeevie.com\/wp-content\/uploads\/2024\/07\/Employes-proteger-blessures_psychologiques-1024x1024.png\" class=\"attachment-large size-large wp-post-image\" alt=\"\" style=\"\" srcset=\"https:\/\/groupeevie.com\/wp-content\/uploads\/2024\/07\/Employes-proteger-blessures_psychologiques-1024x1024.png 1024w, https:\/\/groupeevie.com\/wp-content\/uploads\/2024\/07\/Employes-proteger-blessures_psychologiques-300x300.png 300w, https:\/\/groupeevie.com\/wp-content\/uploads\/2024\/07\/Employes-proteger-blessures_psychologiques-150x150.png 150w, https:\/\/groupeevie.com\/wp-content\/uploads\/2024\/07\/Employes-proteger-blessures_psychologiques-768x768.png 768w, https:\/\/groupeevie.com\/wp-content\/uploads\/2024\/07\/Employes-proteger-blessures_psychologiques-600x600.png 600w, https:\/\/groupeevie.com\/wp-content\/uploads\/2024\/07\/Employes-proteger-blessures_psychologiques-100x100.png 100w, https:\/\/groupeevie.com\/wp-content\/uploads\/2024\/07\/Employes-proteger-blessures_psychologiques.png 1080w\" sizes=\"(max-width: 1024px) 100vw, 1024px\" \/><\/a><\/div><a class=\"wp-block-latest-posts__post-title\" href=\"https:\/\/groupeevie.com\/fr-fr\/espace-evie\/que-peuvent-faire-les-employes-pour-se-proteger-contre-les-blessures-psychologiques\/\">Que peuvent faire les employ\u00e9s pour se prot\u00e9ger contre les blessures psychologiques ?<\/a><\/li>\n<li><a class=\"wp-block-latest-posts__post-title\" href=\"https:\/\/groupeevie.com\/fr-fr\/espace-evie\/quelles-mesures-les-employeurs-peuvent-ils-prendre-pour-prevenir-les-blessures-psychologiques-au-travail\/\">Quelles mesures les employeurs peuvent-ils prendre pour pr\u00e9venir les blessures psychologiques au travail ?<\/a><\/li>\n<li><div class=\"wp-block-latest-posts__featured-image alignleft\"><a href=\"https:\/\/groupeevie.com\/fr-fr\/espace-evie\/un-environnement-de-travail-plus-sain\/\" aria-label=\"Un environnement de travail plus sain\"><img decoding=\"async\" width=\"298\" height=\"304\" src=\"https:\/\/groupeevie.com\/wp-content\/uploads\/2022\/05\/Asset-1@4x.png\" class=\"attachment-large size-large wp-post-image\" alt=\"\" style=\"\" srcset=\"https:\/\/groupeevie.com\/wp-content\/uploads\/2022\/05\/Asset-1@4x.png 298w, https:\/\/groupeevie.com\/wp-content\/uploads\/2022\/05\/Asset-1@4x-294x300.png 294w\" sizes=\"(max-width: 298px) 100vw, 298px\" \/><\/a><\/div><a class=\"wp-block-latest-posts__post-title\" href=\"https:\/\/groupeevie.com\/fr-fr\/espace-evie\/un-environnement-de-travail-plus-sain\/\">Un environnement de travail plus sain<\/a><\/li>\n<\/ul>","protected":false},"excerpt":{"rendered":"","protected":false},"author":3,"featured_media":4345,"parent":6074,"menu_order":0,"comment_status":"closed","ping_status":"closed","template":"page-entreprises.php","meta":{"_acf_changed":false,"inline_featured_image":false,"advgb_blocks_editor_width":"","advgb_blocks_columns_visual_guide":"","_price":"","_stock":"","_tribe_ticket_header":"","_tribe_default_ticket_provider":"","_tribe_ticket_capacity":"0","_ticket_start_date":"","_ticket_end_date":"","_tribe_ticket_show_description":"","_tribe_ticket_show_not_going":false,"_tribe_ticket_use_global_stock":"","_tribe_ticket_global_stock_level":"","_global_stock_mode":"","_global_stock_cap":"","_tribe_rsvp_for_event":"","_tribe_ticket_going_count":"","_tribe_ticket_not_going_count":"","_tribe_tickets_list":"[]","_tribe_ticket_has_attendee_info_fields":false,"footnotes":"","_tec_slr_enabled":"","_tec_slr_layout":""},"class_list":["post-6089","page","type-page","status-publish","has-post-thumbnail","hentry"],"acf":[],"yoast_head":"<!-- This site is optimized with the Yoast SEO plugin v27.2 - https:\/\/yoast.com\/product\/yoast-seo-wordpress\/ -->\n<title>Groupe \u00c9vie | Ressources entreprises |\u00a0Outils et t\u00e9l\u00e9chargement<\/title>\n<meta name=\"description\" content=\"Des outils et ressources GRATUITES pour vous aider \u00e0 nourrir votre vitalit\u00e9 et sant\u00e9 mentale professionnelle.\" \/>\n<meta name=\"robots\" content=\"index, follow, max-snippet:-1, max-image-preview:large, max-video-preview:-1\" \/>\n<link rel=\"canonical\" href=\"https:\/\/groupeevie.com\/fr-fr\/bien-etre-au-travail\/outils-et-telechargement\/\" \/>\n<meta property=\"og:locale\" content=\"fr_FR\" \/>\n<meta property=\"og:type\" content=\"article\" \/>\n<meta property=\"og:title\" content=\"Groupe \u00c9vie | Ressources entreprises |\u00a0Outils et t\u00e9l\u00e9chargement\" \/>\n<meta property=\"og:description\" content=\"Des outils et ressources GRATUITES pour vous aider \u00e0 nourrir votre vitalit\u00e9 et sant\u00e9 mentale professionnelle.\" \/>\n<meta property=\"og:url\" content=\"https:\/\/groupeevie.com\/fr-fr\/bien-etre-au-travail\/outils-et-telechargement\/\" \/>\n<meta property=\"og:site_name\" content=\"Groupe \u00c9vie\" \/>\n<meta property=\"article:modified_time\" content=\"2025-10-14T14:57:43+00:00\" \/>\n<meta property=\"og:image\" content=\"https:\/\/groupeevie.com\/wp-content\/uploads\/2024\/02\/GroupeEvie_Boite-A-Outils.png\" \/>\n\t<meta property=\"og:image:width\" content=\"1640\" \/>\n\t<meta property=\"og:image:height\" content=\"924\" \/>\n\t<meta property=\"og:image:type\" content=\"image\/png\" \/>\n<meta name=\"twitter:card\" content=\"summary_large_image\" \/>\n<meta name=\"twitter:label1\" content=\"Dur\u00e9e de lecture estim\u00e9e\" \/>\n\t<meta name=\"twitter:data1\" content=\"1 minute\" \/>\n<script type=\"application\/ld+json\" class=\"yoast-schema-graph\">{\"@context\":\"https:\/\/schema.org\",\"@graph\":[{\"@type\":\"WebPage\",\"@id\":\"https:\/\/groupeevie.com\/fr-fr\/bien-etre-au-travail\/outils-et-telechargement\/\",\"url\":\"https:\/\/groupeevie.com\/fr-fr\/bien-etre-au-travail\/outils-et-telechargement\/\",\"name\":\"Groupe \u00c9vie | Ressources entreprises |\u00a0Outils et t\u00e9l\u00e9chargement\",\"isPartOf\":{\"@id\":\"https:\/\/groupeevie.com\/fr-fr\/#website\"},\"primaryImageOfPage\":{\"@id\":\"https:\/\/groupeevie.com\/fr-fr\/bien-etre-au-travail\/outils-et-telechargement\/#primaryimage\"},\"image\":{\"@id\":\"https:\/\/groupeevie.com\/fr-fr\/bien-etre-au-travail\/outils-et-telechargement\/#primaryimage\"},\"thumbnailUrl\":\"https:\/\/groupeevie.com\/wp-content\/uploads\/2024\/02\/GroupeEvie_Boite-A-Outils.png\",\"datePublished\":\"2024-03-12T14:42:28+00:00\",\"dateModified\":\"2025-10-14T14:57:43+00:00\",\"description\":\"Des outils et ressources GRATUITES pour vous aider \u00e0 nourrir votre vitalit\u00e9 et sant\u00e9 mentale professionnelle.\",\"breadcrumb\":{\"@id\":\"https:\/\/groupeevie.com\/fr-fr\/bien-etre-au-travail\/outils-et-telechargement\/#breadcrumb\"},\"inLanguage\":\"fr-FR\",\"potentialAction\":[{\"@type\":\"ReadAction\",\"target\":[\"https:\/\/groupeevie.com\/fr-fr\/bien-etre-au-travail\/outils-et-telechargement\/\"]}]},{\"@type\":\"ImageObject\",\"inLanguage\":\"fr-FR\",\"@id\":\"https:\/\/groupeevie.com\/fr-fr\/bien-etre-au-travail\/outils-et-telechargement\/#primaryimage\",\"url\":\"https:\/\/groupeevie.com\/wp-content\/uploads\/2024\/02\/GroupeEvie_Boite-A-Outils.png\",\"contentUrl\":\"https:\/\/groupeevie.com\/wp-content\/uploads\/2024\/02\/GroupeEvie_Boite-A-Outils.png\",\"width\":1640,\"height\":924},{\"@type\":\"BreadcrumbList\",\"@id\":\"https:\/\/groupeevie.com\/fr-fr\/bien-etre-au-travail\/outils-et-telechargement\/#breadcrumb\",\"itemListElement\":[{\"@type\":\"ListItem\",\"position\":1,\"name\":\"Bien-\u00eatre au travail\",\"item\":\"https:\/\/groupeevie.com\/fr-fr\/bien-etre-au-travail\/\"},{\"@type\":\"ListItem\",\"position\":2,\"name\":\"Outils et t\u00e9l\u00e9chargement\"}]},{\"@type\":\"WebSite\",\"@id\":\"https:\/\/groupeevie.com\/fr-fr\/#website\",\"url\":\"https:\/\/groupeevie.com\/fr-fr\/\",\"name\":\"Groupe \u00c9vie\",\"description\":\"Au coeur de la sant\u00e9 mentale\",\"publisher\":{\"@id\":\"https:\/\/groupeevie.com\/fr-fr\/#organization\"},\"potentialAction\":[{\"@type\":\"SearchAction\",\"target\":{\"@type\":\"EntryPoint\",\"urlTemplate\":\"https:\/\/groupeevie.com\/fr-fr\/?s={search_term_string}\"},\"query-input\":{\"@type\":\"PropertyValueSpecification\",\"valueRequired\":true,\"valueName\":\"search_term_string\"}}],\"inLanguage\":\"fr-FR\"},{\"@type\":\"Organization\",\"@id\":\"https:\/\/groupeevie.com\/fr-fr\/#organization\",\"name\":\"Groupe \u00c9vie\",\"url\":\"https:\/\/groupeevie.com\/fr-fr\/\",\"logo\":{\"@type\":\"ImageObject\",\"inLanguage\":\"fr-FR\",\"@id\":\"https:\/\/groupeevie.com\/fr-fr\/#\/schema\/logo\/image\/\",\"url\":\"https:\/\/groupeevie.com\/wp-content\/uploads\/2022\/05\/EVIE-logo_rvb-2.png\",\"contentUrl\":\"https:\/\/groupeevie.com\/wp-content\/uploads\/2022\/05\/EVIE-logo_rvb-2.png\",\"width\":1414,\"height\":611,\"caption\":\"Groupe \u00c9vie\"},\"image\":{\"@id\":\"https:\/\/groupeevie.com\/fr-fr\/#\/schema\/logo\/image\/\"}}]}<\/script>\n<!-- \/ Yoast SEO plugin. -->","yoast_head_json":{"title":"Groupe \u00c9vie | Ressources entreprises |\u00a0Outils et t\u00e9l\u00e9chargement","description":"Des outils et ressources GRATUITES pour vous aider \u00e0 nourrir votre vitalit\u00e9 et sant\u00e9 mentale professionnelle.","robots":{"index":"index","follow":"follow","max-snippet":"max-snippet:-1","max-image-preview":"max-image-preview:large","max-video-preview":"max-video-preview:-1"},"canonical":"https:\/\/groupeevie.com\/fr-fr\/bien-etre-au-travail\/outils-et-telechargement\/","og_locale":"fr_FR","og_type":"article","og_title":"Groupe \u00c9vie | Ressources entreprises |\u00a0Outils et t\u00e9l\u00e9chargement","og_description":"Des outils et ressources GRATUITES pour vous aider \u00e0 nourrir votre vitalit\u00e9 et sant\u00e9 mentale professionnelle.","og_url":"https:\/\/groupeevie.com\/fr-fr\/bien-etre-au-travail\/outils-et-telechargement\/","og_site_name":"Groupe \u00c9vie","article_modified_time":"2025-10-14T14:57:43+00:00","og_image":[{"width":1640,"height":924,"url":"https:\/\/groupeevie.com\/wp-content\/uploads\/2024\/02\/GroupeEvie_Boite-A-Outils.png","type":"image\/png"}],"twitter_card":"summary_large_image","twitter_misc":{"Dur\u00e9e de lecture estim\u00e9e":"1 minute"},"schema":{"@context":"https:\/\/schema.org","@graph":[{"@type":"WebPage","@id":"https:\/\/groupeevie.com\/fr-fr\/bien-etre-au-travail\/outils-et-telechargement\/","url":"https:\/\/groupeevie.com\/fr-fr\/bien-etre-au-travail\/outils-et-telechargement\/","name":"Groupe \u00c9vie | Ressources entreprises |\u00a0Outils et t\u00e9l\u00e9chargement","isPartOf":{"@id":"https:\/\/groupeevie.com\/fr-fr\/#website"},"primaryImageOfPage":{"@id":"https:\/\/groupeevie.com\/fr-fr\/bien-etre-au-travail\/outils-et-telechargement\/#primaryimage"},"image":{"@id":"https:\/\/groupeevie.com\/fr-fr\/bien-etre-au-travail\/outils-et-telechargement\/#primaryimage"},"thumbnailUrl":"https:\/\/groupeevie.com\/wp-content\/uploads\/2024\/02\/GroupeEvie_Boite-A-Outils.png","datePublished":"2024-03-12T14:42:28+00:00","dateModified":"2025-10-14T14:57:43+00:00","description":"Des outils et ressources GRATUITES pour vous aider \u00e0 nourrir votre vitalit\u00e9 et sant\u00e9 mentale professionnelle.","breadcrumb":{"@id":"https:\/\/groupeevie.com\/fr-fr\/bien-etre-au-travail\/outils-et-telechargement\/#breadcrumb"},"inLanguage":"fr-FR","potentialAction":[{"@type":"ReadAction","target":["https:\/\/groupeevie.com\/fr-fr\/bien-etre-au-travail\/outils-et-telechargement\/"]}]},{"@type":"ImageObject","inLanguage":"fr-FR","@id":"https:\/\/groupeevie.com\/fr-fr\/bien-etre-au-travail\/outils-et-telechargement\/#primaryimage","url":"https:\/\/groupeevie.com\/wp-content\/uploads\/2024\/02\/GroupeEvie_Boite-A-Outils.png","contentUrl":"https:\/\/groupeevie.com\/wp-content\/uploads\/2024\/02\/GroupeEvie_Boite-A-Outils.png","width":1640,"height":924},{"@type":"BreadcrumbList","@id":"https:\/\/groupeevie.com\/fr-fr\/bien-etre-au-travail\/outils-et-telechargement\/#breadcrumb","itemListElement":[{"@type":"ListItem","position":1,"name":"Bien-\u00eatre au travail","item":"https:\/\/groupeevie.com\/fr-fr\/bien-etre-au-travail\/"},{"@type":"ListItem","position":2,"name":"Outils et t\u00e9l\u00e9chargement"}]},{"@type":"WebSite","@id":"https:\/\/groupeevie.com\/fr-fr\/#website","url":"https:\/\/groupeevie.com\/fr-fr\/","name":"Groupe \u00c9vie","description":"Au coeur de la sant\u00e9 mentale","publisher":{"@id":"https:\/\/groupeevie.com\/fr-fr\/#organization"},"potentialAction":[{"@type":"SearchAction","target":{"@type":"EntryPoint","urlTemplate":"https:\/\/groupeevie.com\/fr-fr\/?s={search_term_string}"},"query-input":{"@type":"PropertyValueSpecification","valueRequired":true,"valueName":"search_term_string"}}],"inLanguage":"fr-FR"},{"@type":"Organization","@id":"https:\/\/groupeevie.com\/fr-fr\/#organization","name":"Groupe \u00c9vie","url":"https:\/\/groupeevie.com\/fr-fr\/","logo":{"@type":"ImageObject","inLanguage":"fr-FR","@id":"https:\/\/groupeevie.com\/fr-fr\/#\/schema\/logo\/image\/","url":"https:\/\/groupeevie.com\/wp-content\/uploads\/2022\/05\/EVIE-logo_rvb-2.png","contentUrl":"https:\/\/groupeevie.com\/wp-content\/uploads\/2022\/05\/EVIE-logo_rvb-2.png","width":1414,"height":611,"caption":"Groupe \u00c9vie"},"image":{"@id":"https:\/\/groupeevie.com\/fr-fr\/#\/schema\/logo\/image\/"}}]}},"coauthors":[],"author_meta":{"author_link":"https:\/\/groupeevie.com\/fr-fr\/espace-evie\/author\/emiliecuffia\/","display_name":"EmilieCuffia"},"relative_dates":{"created":"Publi\u00e9 2 ans il y a","modified":"Mis \u00e0 jour 6 mois il y a"},"absolute_dates":{"created":"Publi\u00e9 le 12 mars 2024","modified":"Mise \u00e0 jour le 14 octobre 2025"},"absolute_dates_time":{"created":"Publi\u00e9 le 12 mars 2024 10h42","modified":"Mise \u00e0 jour le 14 octobre 2025 10h57"},"featured_img_caption":"","featured_img":"https:\/\/groupeevie.com\/wp-content\/uploads\/2024\/02\/GroupeEvie_Boite-A-Outils-1568x883.png","series_order":"","ticketed":false,"_links":{"self":[{"href":"https:\/\/groupeevie.com\/fr-fr\/wp-json\/wp\/v2\/pages\/6089","targetHints":{"allow":["GET"]}}],"collection":[{"href":"https:\/\/groupeevie.com\/fr-fr\/wp-json\/wp\/v2\/pages"}],"about":[{"href":"https:\/\/groupeevie.com\/fr-fr\/wp-json\/wp\/v2\/types\/page"}],"author":[{"embeddable":true,"href":"https:\/\/groupeevie.com\/fr-fr\/wp-json\/wp\/v2\/users\/3"}],"replies":[{"embeddable":true,"href":"https:\/\/groupeevie.com\/fr-fr\/wp-json\/wp\/v2\/comments?post=6089"}],"version-history":[{"count":1,"href":"https:\/\/groupeevie.com\/fr-fr\/wp-json\/wp\/v2\/pages\/6089\/revisions"}],"predecessor-version":[{"id":6090,"href":"https:\/\/groupeevie.com\/fr-fr\/wp-json\/wp\/v2\/pages\/6089\/revisions\/6090"}],"up":[{"embeddable":true,"href":"https:\/\/groupeevie.com\/fr-fr\/wp-json\/wp\/v2\/pages\/6074"}],"wp:featuredmedia":[{"embeddable":true,"href":"https:\/\/groupeevie.com\/fr-fr\/wp-json\/wp\/v2\/media\/4345"}],"wp:attachment":[{"href":"https:\/\/groupeevie.com\/fr-fr\/wp-json\/wp\/v2\/media?parent=6089"}],"curies":[{"name":"wp","href":"https:\/\/api.w.org\/{rel}","templated":true}]}}